{"id":62,"date":"2015-08-09T13:31:59","date_gmt":"2015-08-09T13:31:59","guid":{"rendered":"http:\/\/vu2447.admin.webhold.hu\/?page_id=62"},"modified":"2023-03-29T13:48:39","modified_gmt":"2023-03-29T13:48:39","slug":"szervezeti-es-mukodesi-szabalyzat","status":"publish","type":"page","link":"\/?page_id=62","title":{"rendered":"Szervezeti \u00e9s m\u0171k\u00f6d\u00e9si szab\u00e1lyzat"},"content":{"rendered":"<p><a href=\"\/wp-content\/uploads\/2015\/08\/SZMSZ_2022.pdf\">SZMSZ_2022<\/a><\/p>\n","protected":false},"excerpt":{"rendered":"<p>SZMSZ_2022<\/p>\n","protected":false},"author":1,"featured_media":0,"parent":0,"menu_order":0,"comment_status":"closed","ping_status":"closed","template":"","meta":{"footnotes":""},"class_list":["post-62","page","type-page","status-publish","hentry"],"_links":{"self":[{"href":"\/index.php?rest_route=\/wp\/v2\/pages\/62","targetHints":{"allow":["GET"]}}],"collection":[{"href":"\/index.php?rest_route=\/wp\/v2\/pages"}],"about":[{"href":"\/index.php?rest_route=\/wp\/v2\/types\/page"}],"author":[{"embeddable":true,"href":"\/index.php?rest_route=\/wp\/v2\/users\/1"}],"replies":[{"embeddable":true,"href":"\/index.php?rest_route=%2Fwp%2Fv2%2Fcomments&post=62"}],"version-history":[{"count":8,"href":"\/index.php?rest_route=\/wp\/v2\/pages\/62\/revisions"}],"predecessor-version":[{"id":3752,"href":"\/index.php?rest_route=\/wp\/v2\/pages\/62\/revisions\/3752"}],"wp:attachment":[{"href":"\/index.php?rest_route=%2Fwp%2Fv2%2Fmedia&parent=62"}],"curies":[{"name":"wp","href":"https:\/\/api.w.org\/{rel}","templated":true}]}}