{"id":52,"date":"2015-08-09T13:30:04","date_gmt":"2015-08-09T13:30:04","guid":{"rendered":"http:\/\/vu2447.admin.webhold.hu\/?page_id=52"},"modified":"2025-10-15T06:47:21","modified_gmt":"2025-10-15T06:47:21","slug":"kulonos-kozzeteteli-lista","status":"publish","type":"page","link":"\/?page_id=52","title":{"rendered":"K\u00fcl\u00f6n\u00f6s k\u00f6zz\u00e9t\u00e9teli lista"},"content":{"rendered":"<p><a href=\"\/wp-content\/uploads\/2023\/10\/MINDSZENTI-ALTALANOS-ISKOLA-gyakornoki-szabalyzata-javitott.pdf\">MINDSZENTI-\u00c1LTAL\u00c1NOS-ISKOLA-gyakornoki-szab\u00e1lyzata<\/a><\/p>\n<p><a href=\"\/wp-content\/uploads\/2015\/08\/20210603124411.pdf\">Idegen nyelvi m\u00e9r\u00e9s<\/a><\/p>\n<p><a href=\"\/wp-content\/uploads\/2015\/08\/FENNTART\u00d3.pdf\">FENNTART\u00d3<\/a><\/p>\n<p><a href=\"\/wp-content\/uploads\/2015\/08\/Az-oszt\u00e1lyoz\u00f3-vizsga-tant\u00e1rgyank\u00e9nti-\u00e9vfolyamonk\u00e9nti-k\u00f6vetelm\u00e9nyei-a-tanulm\u00e1nyok-alatti-vizsg\u00e1k-tervezett-rendje.pdf\">Az oszt\u00e1lyoz\u00f3 vizsga tant\u00e1rgyank\u00e9nti, \u00e9vfolyamonk\u00e9nti k\u00f6vetelm\u00e9nyei, a tanulm\u00e1nyok alatti vizsg\u00e1k tervezett rendje<\/a><\/p>\n<p><a href=\"\/wp-content\/uploads\/2015\/08\/A-pedag\u00f3giai-szakmai-ellen\u0151rz\u00e9sek-meg\u00e1llap\u00edt\u00e1sai-a-szem\u00e9lyes-adatok-v\u00e9delm\u00e9re-vonatkoz\u00f3-jogszab\u00e1lyok-megtart\u00e1s\u00e1val.pdf\">A pedag\u00f3giai-szakmai ellen\u0151rz\u00e9sek meg\u00e1llap\u00edt\u00e1sai a szem\u00e9lyes adatok v\u00e9delm\u00e9re vonatkoz\u00f3 jogszab\u00e1lyok megtart\u00e1s\u00e1val<\/a><\/p>\n<p><a href=\"\/wp-content\/uploads\/2015\/08\/A-h\u00e9tv\u00e9gi-h\u00e1zi-feladatok-\u00e9s-az-iskolai-dolgozatok-szab\u00e1lyai.pdf\">A h\u00e9tv\u00e9gi h\u00e1zi feladatok \u00e9s az iskolai dolgozatok szab\u00e1lyai<\/a><\/p>\n<p><a href=\"\/wp-content\/uploads\/2024\/10\/Evismetles-lemorzsolodas-2024.pdf\">\u00c9vism\u00e9tl\u00e9s, lemorzsol\u00f3d\u00e1s 2024<\/a><\/p>\n<p><a href=\"\/wp-content\/uploads\/2024\/10\/A-felveteli-lehetosegekrol-szolo-tajekoztato.pdf\">A felv\u00e9teli lehet\u0151s\u00e9gekr\u0151l sz\u00f3l\u00f3 t\u00e1j\u00e9koztat\u00f3<\/a><\/p>\n<p><a href=\"\/wp-content\/uploads\/2024\/10\/Hit-es-erkolcstan-oktatas-2024.pdf\">Hit-\u00e9s erk\u00f6lcstan oktat\u00e1s 2024<\/a><\/p>\n<p><a href=\"\/wp-content\/uploads\/2024\/10\/Beiratkozas-indulo-osztalyok-2024-2025.pdf\">Beiratkoz\u00e1s, indul\u00f3 oszt\u00e1lyok 2024-2025<\/a><\/p>\n<p><a href=\"\/wp-content\/uploads\/2024\/10\/Tanoran-kivuli-foglalkozasok-2024-2025.pdf\">Tan\u00f3r\u00e1n k\u00edv\u00fcli foglalkoz\u00e1sok 2024-2025<\/a><\/p>\n<p><a href=\"\/wp-content\/uploads\/2024\/10\/Palyakovetes-2014-tol-tablazat-2024.10.18.pdf\">P\u00e1lyak\u00f6vet\u00e9s 2014-t\u0151l t\u00e1bl\u00e1zat 2024.10.18.<\/a><\/p>\n<p><a href=\"\/wp-content\/uploads\/2024\/10\/Osztalyok-osztalyfonokok-osztalyletszamok-2024-2025.-10.01.pdf\">Oszt\u00e1lyok-oszt\u00e1lyf\u0151n\u00f6k\u00f6k-oszt\u00e1lyl\u00e9tsz\u00e1mok 2024-2025. 10.01<\/a><\/p>\n<p><a href=\"\/wp-content\/uploads\/2024\/10\/Kozzeteteli-lista-kozepfoku-iskolak-tanulmanyi-eredmenyek-2023-2024.pdf\">K\u00f6zz\u00e9t\u00e9teli lista- k\u00f6z\u00e9pfok\u00fa iskol\u00e1k tanulm\u00e1nyi eredm\u00e9nyek 2023-2024<\/a><\/p>\n<p><a href=\"\/wp-content\/uploads\/2024\/10\/Iskolai-osztalyok-alakulasa-2024-2025.pdf\">Iskolai oszt\u00e1lyok alakul\u00e1sa 2024-2025<\/a><\/p>\n<p><a href=\"\/wp-content\/uploads\/2024\/11\/Munkaterv-2024-2025-os-tanev-es-belso-ellenorzesi-terv.pdf\">Munkaterv 2024-2025 -\u00f6s tan\u00e9v \u00e9s bels\u0151 ellen\u0151rz\u00e9si terv<\/a><\/p>\n<p><a href=\"\/wp-content\/uploads\/2024\/11\/Pedagogus-eletpalyamodell.pdf\">Pedag\u00f3gus-\u00e9letp\u00e1lyamodell<\/a><\/p>\n<p><a href=\"\/wp-content\/uploads\/2025\/10\/Beiratkozas-indulo-osztalyok-2025-2026-os-tanev.pdf\">Be\u00edratkoz\u00e1s, indul\u00f3 oszt\u00e1lyok 2025-2026-os tan\u00e9v<\/a><\/p>\n<p><a href=\"\/wp-content\/uploads\/2025\/10\/Hit-es-erkolcstan-oktatas-2025-2026-os-tanev.pdf\">Hit-\u00e9s erk\u00f6lcstan oktat\u00e1s 2025-2026-os tan\u00e9v<\/a><\/p>\n<p><a href=\"\/wp-content\/uploads\/2025\/10\/osztalyok-osztalyletszam.pdf\">Oszt\u00e1lyok-oszt\u00e1lyl\u00e9tsz\u00e1m 2025-2026-os tan\u00e9v<\/a><\/p>\n<p><a href=\"\/wp-content\/uploads\/2025\/10\/Tanoran-kivuli-tevekenysegek-2025-2026-os-tanev.pdf\">Tan\u00f3r\u00e1n k\u00edv\u00fcli tev\u00e9kenys\u00e9gek 2025-2026-os tan\u00e9v<\/a><\/p>\n<p><a href=\"\/wp-content\/uploads\/2025\/10\/Tanuloi-letszam-alakulasa-2025-2026-os-tanev.pdf\">Tanul\u00f3i l\u00e9tsz\u00e1m alakul\u00e1sa 2025-2026-os tan\u00e9v<\/a><\/p>\n\n\n\n","protected":false},"excerpt":{"rendered":"<p>MINDSZENTI-\u00c1LTAL\u00c1NOS-ISKOLA-gyakornoki-szab\u00e1lyzata Idegen nyelvi m\u00e9r\u00e9s FENNTART\u00d3 Az oszt\u00e1lyoz\u00f3 vizsga tant\u00e1rgyank\u00e9nti, \u00e9vfolyamonk\u00e9nti k\u00f6vetelm\u00e9nyei, a tanulm\u00e1nyok alatti vizsg\u00e1k tervezett rendje A pedag\u00f3giai-szakmai ellen\u0151rz\u00e9sek meg\u00e1llap\u00edt\u00e1sai a szem\u00e9lyes adatok v\u00e9delm\u00e9re vonatkoz\u00f3 jogszab\u00e1lyok megtart\u00e1s\u00e1val A h\u00e9tv\u00e9gi h\u00e1zi feladatok \u00e9s az iskolai dolgozatok szab\u00e1lyai \u00c9vism\u00e9tl\u00e9s, lemorzsol\u00f3d\u00e1s 2024 A felv\u00e9teli lehet\u0151s\u00e9gekr\u0151l sz\u00f3l\u00f3 t\u00e1j\u00e9koztat\u00f3 Hit-\u00e9s erk\u00f6lcstan oktat\u00e1s 2024 Beiratkoz\u00e1s, [&hellip;]<\/p>\n","protected":false},"author":1,"featured_media":0,"parent":0,"menu_order":0,"comment_status":"closed","ping_status":"closed","template":"","meta":{"footnotes":""},"class_list":["post-52","page","type-page","status-publish","hentry"],"_links":{"self":[{"href":"\/index.php?rest_route=\/wp\/v2\/pages\/52","targetHints":{"allow":["GET"]}}],"collection":[{"href":"\/index.php?rest_route=\/wp\/v2\/pages"}],"about":[{"href":"\/index.php?rest_route=\/wp\/v2\/types\/page"}],"author":[{"embeddable":true,"href":"\/index.php?rest_route=\/wp\/v2\/users\/1"}],"replies":[{"embeddable":true,"href":"\/index.php?rest_route=%2Fwp%2Fv2%2Fcomments&post=52"}],"version-history":[{"count":54,"href":"\/index.php?rest_route=\/wp\/v2\/pages\/52\/revisions"}],"predecessor-version":[{"id":5809,"href":"\/index.php?rest_route=\/wp\/v2\/pages\/52\/revisions\/5809"}],"wp:attachment":[{"href":"\/index.php?rest_route=%2Fwp%2Fv2%2Fmedia&parent=52"}],"curies":[{"name":"wp","href":"https:\/\/api.w.org\/{rel}","templated":true}]}}