{"id":3732,"date":"2023-03-27T11:05:44","date_gmt":"2023-03-27T11:05:44","guid":{"rendered":"http:\/\/mindszentiskola.hu\/?page_id=3732"},"modified":"2024-03-04T10:34:12","modified_gmt":"2024-03-04T10:34:12","slug":"digitalis-temahet-2023","status":"publish","type":"page","link":"\/?page_id=3732","title":{"rendered":"Arch\u00edv"},"content":{"rendered":"<p>Szabadul\u00f3szoba<br \/><a href=\"https:\/\/view.genial.ly\/60572d515d00340dad3eeb7a\/game-breakout-internetbiztonsag\"><img loading=\"lazy\" decoding=\"async\" class=\"alignnone size-medium wp-image-3736\" src=\"\/wp-content\/uploads\/2023\/03\/szabadulo-300x168.png\" alt=\"szabadulo\" width=\"300\" height=\"168\" srcset=\"\/wp-content\/uploads\/2023\/03\/szabadulo-300x168.png 300w, \/wp-content\/uploads\/2023\/03\/szabadulo-500x280.png 500w, \/wp-content\/uploads\/2023\/03\/szabadulo.png 586w\" sizes=\"auto, (max-width: 300px) 100vw, 300px\" \/><\/a><\/p>\n<p style=\"text-align: left;\"><a href=\"https:\/\/view.genial.ly\/60572d515d00340dad3eeb7a\/game-breakout-internetbiztonsag\">J\u00e1t\u00e9k ind\u00edt\u00e1sa<\/a><\/p>\n<hr \/>\n<p><a href=\"\/?page_id=1913\">Tanul\u00f3ink munk\u00e1i<\/a><\/p>\n<hr \/>\n<p class=\"entry-title\">\u00a0<\/p>\n\n","protected":false},"excerpt":{"rendered":"<p>Szabadul\u00f3szoba J\u00e1t\u00e9k ind\u00edt\u00e1sa Tanul\u00f3ink munk\u00e1i \u00a0<\/p>\n","protected":false},"author":1,"featured_media":0,"parent":0,"menu_order":0,"comment_status":"closed","ping_status":"closed","template":"","meta":{"footnotes":""},"class_list":["post-3732","page","type-page","status-publish","hentry"],"_links":{"self":[{"href":"\/index.php?rest_route=\/wp\/v2\/pages\/3732","targetHints":{"allow":["GET"]}}],"collection":[{"href":"\/index.php?rest_route=\/wp\/v2\/pages"}],"about":[{"href":"\/index.php?rest_route=\/wp\/v2\/types\/page"}],"author":[{"embeddable":true,"href":"\/index.php?rest_route=\/wp\/v2\/users\/1"}],"replies":[{"embeddable":true,"href":"\/index.php?rest_route=%2Fwp%2Fv2%2Fcomments&post=3732"}],"version-history":[{"count":11,"href":"\/index.php?rest_route=\/wp\/v2\/pages\/3732\/revisions"}],"predecessor-version":[{"id":4233,"href":"\/index.php?rest_route=\/wp\/v2\/pages\/3732\/revisions\/4233"}],"wp:attachment":[{"href":"\/index.php?rest_route=%2Fwp%2Fv2%2Fmedia&parent=3732"}],"curies":[{"name":"wp","href":"https:\/\/api.w.org\/{rel}","templated":true}]}}