{"id":3574,"date":"2022-09-04T14:20:44","date_gmt":"2022-09-04T14:20:44","guid":{"rendered":"http:\/\/mindszentiskola.hu\/?page_id=3574"},"modified":"2022-09-04T14:20:44","modified_gmt":"2022-09-04T14:20:44","slug":"nemet-nemzetisegi-tabor","status":"publish","type":"page","link":"\/?page_id=3574","title":{"rendered":"N\u00e9met nemzetis\u00e9gi t\u00e1bor"},"content":{"rendered":"<p style=\"text-align: justify;\">N\u00e9met nemzetis\u00e9gi t\u00e1bor<br \/>\n2022. j\u00falius 4-8.<\/p>\n<p>Iskol\u00e1nkb\u00f3l h\u00e1rom gyermek utazott Szeghalomra, a Vidra tany\u00e1ra, ahol a v\u00e9szt\u0151i N\u00e9met Nemzetis\u00e9gi \u00d6nkorm\u00e1nyzat \u00e1ltal szervezett nyelvi t\u00e1borban vehettek r\u00e9szt. Hamar \u00faj bar\u00e1ts\u00e1gok k\u00f6t\u0151dtek a Szegedr\u0151l, Budapestr\u0151l, Mindszentr\u0151l, Orosh\u00e1z\u00e1r\u00f3l \u00e9rkez\u0151 \u00e9s a helyi gyermekek k\u00f6zt. Az \u00f6t t\u00e1bori napot v\u00e1ltozatos programok tett\u00e9k felejthetetlenn\u00e9 a t\u00e1borlak\u00f3k sz\u00e1m\u00e1ra.<br \/>\n\u2022\u00a0\u00a0 \u00a0J\u00e1t\u00e9kos n\u00e9met nyelvgyakorl\u00e1s<br \/>\n\u2022\u00a0\u00a0 \u00a0N\u00e9met orsz\u00e1gismereti foglalkoz\u00e1sok<br \/>\n\u2022\u00a0\u00a0 \u00a0Ismerked\u00e9s a n\u00e9met nemzetis\u00e9g hagyom\u00e1nyaival<br \/>\n\u2022\u00a0\u00a0 \u00a0K\u00e9zm\u0171ves foglalkoz\u00e1sok<br \/>\n\u2022\u00a0\u00a0 \u00a0Kir\u00e1ndul\u00e1s Gyul\u00e1ra, az Alm\u00e1sy-kast\u00e9lyba<br \/>\n\u2022\u00a0\u00a0 \u00a0Minden napos f\u00fcrd\u0151z\u00e9s a t\u00e1bor ter\u00fclet\u00e9n<br \/>\n\u2022\u00a0\u00a0 \u00a0Sz\u00e1mh\u00e1bor\u00fa<br \/>\n\u2022\u00a0\u00a0 \u00a0Zene-film-j\u00e1t\u00e9k-n\u00e9pt\u00e1nc<\/p>\n\n\t\t<style type=\"text\/css\">\n\t\t\t#gallery-1 {\n\t\t\t\tmargin: auto;\n\t\t\t}\n\t\t\t#gallery-1 .gallery-item {\n\t\t\t\tfloat: left;\n\t\t\t\tmargin-top: 10px;\n\t\t\t\ttext-align: center;\n\t\t\t\twidth: 33%;\n\t\t\t}\n\t\t\t#gallery-1 img {\n\t\t\t\tborder: 2px solid #cfcfcf;\n\t\t\t}\n\t\t\t#gallery-1 .gallery-caption {\n\t\t\t\tmargin-left: 0;\n\t\t\t}\n\t\t\t\/* see gallery_shortcode() in wp-includes\/media.php *\/\n\t\t<\/style>\n\t\t<div id='gallery-1' class='gallery galleryid-3574 gallery-columns-3 gallery-size-medium'><dl class='gallery-item'>\n\t\t\t<dt class='gallery-icon portrait'>\n\t\t\t\t<a href='\/?attachment_id=3575'><img loading=\"lazy\" decoding=\"async\" width=\"231\" height=\"280\" src=\"\/wp-content\/uploads\/2022\/09\/295279318_586739079820616_2980696680438344663_n.png\" class=\"attachment-medium size-medium\" alt=\"\" \/><\/a>\n\t\t\t<\/dt><\/dl><dl class='gallery-item'>\n\t\t\t<dt class='gallery-icon portrait'>\n\t\t\t\t<a href='\/?attachment_id=3576'><img loading=\"lazy\" decoding=\"async\" width=\"200\" height=\"277\" src=\"\/wp-content\/uploads\/2022\/09\/296394834_755257872260532_7861065311656795479_n.png\" class=\"attachment-medium size-medium\" alt=\"\" \/><\/a>\n\t\t\t<\/dt><\/dl><dl class='gallery-item'>\n\t\t\t<dt class='gallery-icon portrait'>\n\t\t\t\t<a href='\/?attachment_id=3577'><img loading=\"lazy\" decoding=\"async\" width=\"193\" height=\"239\" src=\"\/wp-content\/uploads\/2022\/09\/296479386_647078223017297_7630927969723015068_n.png\" class=\"attachment-medium size-medium\" alt=\"\" \/><\/a>\n\t\t\t<\/dt><\/dl><br style=\"clear: both\" \/><dl class='gallery-item'>\n\t\t\t<dt class='gallery-icon portrait'>\n\t\t\t\t<a href='\/?attachment_id=3578'><img loading=\"lazy\" decoding=\"async\" width=\"205\" height=\"259\" src=\"\/wp-content\/uploads\/2022\/09\/296545511_784354476162308_4060325761180757466_n.png\" class=\"attachment-medium size-medium\" alt=\"\" \/><\/a>\n\t\t\t<\/dt><\/dl><dl class='gallery-item'>\n\t\t\t<dt class='gallery-icon landscape'>\n\t\t\t\t<a href='\/?attachment_id=3579'><img loading=\"lazy\" decoding=\"async\" width=\"300\" height=\"166\" src=\"\/wp-content\/uploads\/2022\/09\/296585654_790514115728065_2352356427771342475_n-300x166.png\" class=\"attachment-medium size-medium\" alt=\"\" srcset=\"\/wp-content\/uploads\/2022\/09\/296585654_790514115728065_2352356427771342475_n-300x166.png 300w, \/wp-content\/uploads\/2022\/09\/296585654_790514115728065_2352356427771342475_n.png 357w\" sizes=\"auto, (max-width: 300px) 100vw, 300px\" \/><\/a>\n\t\t\t<\/dt><\/dl><dl class='gallery-item'>\n\t\t\t<dt class='gallery-icon portrait'>\n\t\t\t\t<a href='\/?attachment_id=3580'><img loading=\"lazy\" decoding=\"async\" width=\"201\" height=\"261\" src=\"\/wp-content\/uploads\/2022\/09\/296760987_736593920906558_8393920792275718034_n.png\" class=\"attachment-medium size-medium\" alt=\"\" \/><\/a>\n\t\t\t<\/dt><\/dl><br style=\"clear: both\" \/><dl class='gallery-item'>\n\t\t\t<dt class='gallery-icon landscape'>\n\t\t\t\t<a href='\/?attachment_id=3581'><img loading=\"lazy\" decoding=\"async\" width=\"300\" height=\"165\" src=\"\/wp-content\/uploads\/2022\/09\/296791246_1023738298341036_5323110505542517590_n-300x165.png\" class=\"attachment-medium size-medium\" alt=\"\" srcset=\"\/wp-content\/uploads\/2022\/09\/296791246_1023738298341036_5323110505542517590_n-300x165.png 300w, \/wp-content\/uploads\/2022\/09\/296791246_1023738298341036_5323110505542517590_n.png 359w\" sizes=\"auto, (max-width: 300px) 100vw, 300px\" \/><\/a>\n\t\t\t<\/dt><\/dl><dl class='gallery-item'>\n\t\t\t<dt class='gallery-icon landscape'>\n\t\t\t\t<a href='\/?attachment_id=3582'><img loading=\"lazy\" decoding=\"async\" width=\"300\" height=\"197\" src=\"\/wp-content\/uploads\/2022\/09\/297177289_783438936119507_7109260499432299276_n-300x197.png\" class=\"attachment-medium size-medium\" alt=\"\" srcset=\"\/wp-content\/uploads\/2022\/09\/297177289_783438936119507_7109260499432299276_n-300x197.png 300w, \/wp-content\/uploads\/2022\/09\/297177289_783438936119507_7109260499432299276_n.png 349w\" sizes=\"auto, (max-width: 300px) 100vw, 300px\" \/><\/a>\n\t\t\t<\/dt><\/dl><dl class='gallery-item'>\n\t\t\t<dt class='gallery-icon landscape'>\n\t\t\t\t<a href='\/?attachment_id=3583'><img loading=\"lazy\" decoding=\"async\" width=\"300\" height=\"200\" src=\"\/wp-content\/uploads\/2022\/09\/297476518_1244960892986545_5471082180225776204_n-300x200.png\" class=\"attachment-medium size-medium\" alt=\"\" srcset=\"\/wp-content\/uploads\/2022\/09\/297476518_1244960892986545_5471082180225776204_n-300x200.png 300w, \/wp-content\/uploads\/2022\/09\/297476518_1244960892986545_5471082180225776204_n.png 343w\" sizes=\"auto, (max-width: 300px) 100vw, 300px\" \/><\/a>\n\t\t\t<\/dt><\/dl><br style=\"clear: both\" \/>\n\t\t<\/div>\n\n","protected":false},"excerpt":{"rendered":"<p>N\u00e9met nemzetis\u00e9gi t\u00e1bor 2022. j\u00falius 4-8. Iskol\u00e1nkb\u00f3l h\u00e1rom gyermek utazott Szeghalomra, a Vidra tany\u00e1ra, ahol a v\u00e9szt\u0151i N\u00e9met Nemzetis\u00e9gi \u00d6nkorm\u00e1nyzat \u00e1ltal szervezett nyelvi t\u00e1borban vehettek r\u00e9szt. Hamar \u00faj bar\u00e1ts\u00e1gok k\u00f6t\u0151dtek a Szegedr\u0151l, Budapestr\u0151l, Mindszentr\u0151l, Orosh\u00e1z\u00e1r\u00f3l \u00e9rkez\u0151 \u00e9s a helyi gyermekek k\u00f6zt. Az \u00f6t t\u00e1bori napot v\u00e1ltozatos programok tett\u00e9k felejthetetlenn\u00e9 a [&hellip;]<\/p>\n","protected":false},"author":1,"featured_media":0,"parent":0,"menu_order":0,"comment_status":"closed","ping_status":"closed","template":"","meta":{"footnotes":""},"class_list":["post-3574","page","type-page","status-publish","hentry"],"_links":{"self":[{"href":"\/index.php?rest_route=\/wp\/v2\/pages\/3574","targetHints":{"allow":["GET"]}}],"collection":[{"href":"\/index.php?rest_route=\/wp\/v2\/pages"}],"about":[{"href":"\/index.php?rest_route=\/wp\/v2\/types\/page"}],"author":[{"embeddable":true,"href":"\/index.php?rest_route=\/wp\/v2\/users\/1"}],"replies":[{"embeddable":true,"href":"\/index.php?rest_route=%2Fwp%2Fv2%2Fcomments&post=3574"}],"version-history":[{"count":1,"href":"\/index.php?rest_route=\/wp\/v2\/pages\/3574\/revisions"}],"predecessor-version":[{"id":3584,"href":"\/index.php?rest_route=\/wp\/v2\/pages\/3574\/revisions\/3584"}],"wp:attachment":[{"href":"\/index.php?rest_route=%2Fwp%2Fv2%2Fmedia&parent=3574"}],"curies":[{"name":"wp","href":"https:\/\/api.w.org\/{rel}","templated":true}]}}