{"id":3319,"date":"2020-02-09T12:35:42","date_gmt":"2020-02-09T12:35:42","guid":{"rendered":"http:\/\/mindszentiskola.hu\/?page_id=3319"},"modified":"2020-02-09T12:39:40","modified_gmt":"2020-02-09T12:39:40","slug":"intezmenyvezeto-palyazat","status":"publish","type":"page","link":"\/?page_id=3319","title":{"rendered":"Int\u00e9zm\u00e9nyvezet\u0151 p\u00e1ly\u00e1zat"},"content":{"rendered":"<p style=\"text-align: center;\"><strong> Emberi Er\u0151forr\u00e1sok Minisztere <\/strong><\/p>\n<p><strong> \u00a0 \u00a0 \u00a0 \u00a0 \u00a0 \u00a0 \u00a0 \u00a0 \u00a0 \u00a0 \u00a0 \u00a0 \u00a0 \u00a0 <\/strong><\/p>\n<p style=\"text-align: center;\">a K\u00f6zalkalmazottak jog\u00e1ll\u00e1s\u00e1r\u00f3l sz\u00f3l\u00f3 1992. \u00e9vi XXXIII. t\u00f6rv\u00e9ny 20\/A. \u00a7 alapj\u00e1n<\/p>\n<p style=\"text-align: center;\">p\u00e1ly\u00e1zatot hirdet<\/p>\n<p style=\"text-align: center;\"><strong> a Mindszenti \u00c1ltal\u00e1nos Iskola<\/strong><\/p>\n<p style=\"text-align: center;\">Int\u00e9zm\u00e9nyvezet\u0151 (magasabb vezet\u0151)<\/p>\n<p style=\"text-align: center;\">beoszt\u00e1s ell\u00e1t\u00e1s\u00e1ra.<\/p>\n<p style=\"text-align: center;\"><strong>A k\u00f6zalkalmazotti jogviszony id\u0151tartama:<\/strong><\/p>\n<p style=\"text-align: center;\">hat\u00e1rozatlan idej\u0171 k\u00f6zalkalmazotti jogviszony<\/p>\n<p style=\"text-align: center;\"><strong> \u00a0 \u00a0 \u00a0 \u00a0 \u00a0 \u00a0 \u00a0 \u00a0 \u00a0 \u00a0 \u00a0 \u00a0 <\/strong><\/p>\n<p style=\"text-align: center;\"><strong>Foglalkoztat\u00e1s jellege: <\/strong><\/p>\n<p style=\"text-align: center;\">Teljes munkaid\u0151<\/p>\n<p style=\"text-align: center;\"><strong>A vezet\u0151i megb\u00edz\u00e1s id\u0151tartama:<\/strong><\/p>\n<p style=\"text-align: center;\">A vezet\u0151i megb\u00edz\u00e1s hat\u00e1rozott id\u0151re, 2020. augusztus 16-t\u00f3l 2025. augusztus 15-ig sz\u00f3l.<\/p>\n<p style=\"text-align: center;\"><strong>A munkav\u00e9gz\u00e9s helye:<\/strong><\/p>\n<p style=\"text-align: center;\">Csongr\u00e1d megye, 6630 Mindszent, Szabads\u00e1g t\u00e9r 2-3.<\/p>\n<p style=\"text-align: center;\"><strong> A beoszt\u00e1shoz tartoz\u00f3, illetve a vezet\u0151i megb\u00edz\u00e1ssal j\u00e1r\u00f3 l\u00e9nyeges feladatok:<\/strong><\/p>\n<p style=\"text-align: center;\">A k\u00f6znevel\u00e9si int\u00e9zm\u00e9ny vezet\u0151j\u00e9nek feladata az int\u00e9zm\u00e9ny szakszer\u0171 \u00e9s t\u00f6rv\u00e9nyes m\u0171k\u00f6dtet\u00e9se, a fenntart\u00f3 \u00e1ltal rendelkez\u00e9sre bocs\u00e1tott eszk\u00f6z\u00f6k t\u0151le elv\u00e1rhat\u00f3 gondoss\u00e1ggal val\u00f3 kezel\u00e9se, a munk\u00e1ltat\u00f3i jogok gyakorl\u00e1sa, az int\u00e9zm\u00e9ny k\u00e9pviselete \u00e9s d\u00f6nt\u00e9shozatal az int\u00e9zm\u00e9ny m\u0171k\u00f6d\u00e9s\u00e9vel kapcsolatban minden olyan \u00fcgyben, amelyet a jogszab\u00e1ly nem utal m\u00e1s hat\u00e1sk\u00f6r\u00e9be.<\/p>\n<p style=\"text-align: center;\"><strong>Illetm\u00e9ny \u00e9s juttat\u00e1sok:<\/strong><\/p>\n<p style=\"text-align: center;\">Az illetm\u00e9ny meg\u00e1llap\u00edt\u00e1s\u00e1ra \u00e9s a juttat\u00e1sokra a K\u00f6zalkalmazottak jog\u00e1ll\u00e1s\u00e1r\u00f3l sz\u00f3l\u00f3 1992. \u00e9vi XXXIII. t\u00f6rv\u00e9ny rendelkez\u00e9sei , valamint a(z) nemzeti k\u00f6znevel\u00e9sr\u0151l sz\u00f3l\u00f3 2011. \u00e9vi CXC. t\u00f6rv\u00e9ny, valamint a pedag\u00f3gusok el\u0151meneteli rendszer\u00e9r\u0151l \u00e9s a k\u00f6zalkalmazottak jog\u00e1ll\u00e1s\u00e1r\u00f3l sz\u00f3l\u00f3 1992. \u00e9vi XXXIII. t\u00f6rv\u00e9ny k\u00f6znevel\u00e9si int\u00e9zm\u00e9nyekben t\u00f6rt\u00e9n\u0151 v\u00e9grehajt\u00e1s\u00e1r\u00f3l sz\u00f3l\u00f3 326\/2013. (VIII.30.) Korm. rendelet rendelkez\u00e9sei az ir\u00e1nyad\u00f3k.<\/p>\n<p style=\"text-align: center;\"><strong> \u00a0 \u00a0 \u00a0 \u00a0 \u00a0 \u00a0 \u00a0 \u00a0 \u00a0 \u00a0 \u00a0 \u00a0 <\/strong><\/p>\n<p style=\"text-align: center;\"><strong>P\u00e1ly\u00e1zati felt\u00e9telek:<\/strong><\/p>\n<ul style=\"text-align: center;\">\n<li>\u00a0 \u00a0 \u00a0 \u00a0 F\u0151iskola, \/egyetemi szint\u0171 v\u00e9gzetts\u00e9g \u00e9s tan\u00edt\u00f3i\/tan\u00e1ri szakk\u00e9pzetts\u00e9g a nemzeti k\u00f6znevel\u00e9sr\u0151l sz\u00f3l\u00f3 2011. \u00e9vi CXC. t\u00f6rv\u00e9ny 98. \u00a7 (8) bekezd\u00e9s\u00e9ben foglaltakat is figyelembe v\u00e9ve,<\/li>\n<li>\u00a0 \u00a0 \u00a0 \u00a0 pedag\u00f3gus-szakvizsga keret\u00e9ben szerzett int\u00e9zm\u00e9nyvezet\u0151i szakk\u00e9pzetts\u00e9g,<\/li>\n<li>\u00a0 \u00a0 \u00a0 \u00a0 legal\u00e1bb n\u00e9gy \u00e9v pedag\u00f3gus-munkak\u00f6rben vagy heti t\u00edz tan\u00f3ra vagy foglalkoz\u00e1s megtart\u00e1s\u00e1ra vonatkoz\u00f3 \u00f3raad\u00f3i megb\u00edz\u00e1s ell\u00e1t\u00e1sa sor\u00e1n szerzett szakmai gyakorlat,<\/li>\n<li>\u00a0 \u00a0 \u00a0 \u00a0 cselekv\u0151k\u00e9pess\u00e9g,<\/li>\n<li>\u00a0 \u00a0 \u00a0 \u00a0 b\u00fcntetlen el\u0151\u00e9let \u00e9s annak igazol\u00e1sa, hogy a k\u00f6zalkalmazott nem \u00e1ll a tev\u00e9kenys\u00e9g folytat\u00e1s\u00e1t kiz\u00e1r\u00f3 foglalkoz\u00e1st\u00f3l eltilt\u00e1s hat\u00e1lya alatt,<\/li>\n<li>\u00a0 \u00a0 \u00a0 \u00a0 a nevel\u00e9si-oktat\u00e1si int\u00e9zm\u00e9nyben pedag\u00f3gus-munkak\u00f6rben fenn\u00e1ll\u00f3, hat\u00e1rozatlan id\u0151re, teljes munkaid\u0151re sz\u00f3l\u00f3 alkalmaz\u00e1s vagy a megb\u00edz\u00e1ssal egyidej\u0171leg pedag\u00f3gus-munkak\u00f6rben t\u00f6rt\u00e9n\u0151, hat\u00e1rozatlan id\u0151re teljes munkaid\u0151re sz\u00f3l\u00f3 alkalmaz\u00e1s.<\/li>\n<\/ul>\n<p style=\"text-align: center;\"><strong>A p\u00e1ly\u00e1zat r\u00e9szek\u00e9nt beny\u00fajtand\u00f3 iratok, igazol\u00e1sok:<\/strong><\/p>\n<ul style=\"text-align: center;\">\n<li>\u00a0 \u00a0 \u00a0 \u00a0 az int\u00e9zm\u00e9ny vezet\u00e9s\u00e9re vonatkoz\u00f3 program, amely tartalmazza a szakmai helyzetelemz\u00e9sre \u00e9p\u00fcl\u0151 fejleszt\u00e9si elk\u00e9pzel\u00e9seket,<\/li>\n<li>\u00a0 \u00a0 \u00a0 \u00a0 az \u00e1ll\u00e1shely bet\u00f6lt\u00e9s\u00e9hez sz\u00fcks\u00e9ges v\u00e9gzetts\u00e9g, szakk\u00e9pzetts\u00e9g megl\u00e9t\u00e9t igazol\u00f3 okm\u00e1nyok m\u00e1solata,<\/li>\n<li>\u00a0 \u00a0 \u00a0 \u00a0 pedag\u00f3gus-szakvizsga keret\u00e9ben szerzett int\u00e9zm\u00e9nyvezet\u0151i szakk\u00e9pzetts\u00e9g megl\u00e9t\u00e9t igazol\u00f3 oklev\u00e9l m\u00e1solata,<\/li>\n<li>\u00a0 \u00a0 \u00a0 \u00a0 a p\u00e1ly\u00e1z\u00f3 legal\u00e1bb n\u00e9gy \u00e9v pedag\u00f3gus-munkak\u00f6rben vagy heti t\u00edz tan\u00f3ra vagy foglalkoz\u00e1s megtart\u00e1s\u00e1ra vonatkoz\u00f3 \u00f3raad\u00f3i megb\u00edz\u00e1s ell\u00e1t\u00e1sa sor\u00e1n szerzett szakmai gyakorlat\u00e1t igazol\u00f3, munk\u00e1ltat\u00f3 \u00e1ltal ki\u00e1ll\u00edtott dokumentum (munk\u00e1ltat\u00f3i igazol\u00e1s munkak\u00f6r, illetve \u00f3raad\u00f3 eset\u00e9n az ell\u00e1tott szakos tan\u00e1ri feladatok felt\u00fcntet\u00e9s\u00e9vel),<\/li>\n<li>\u00a0 \u00a0 \u00a0 \u00a0 90 napn\u00e1l nem r\u00e9gebbi hat\u00f3s\u00e1gi bizony\u00edtv\u00e1ny a b\u00fcntetlen el\u0151\u00e9let \u00e9s annak igazol\u00e1s\u00e1ra, hogy a k\u00f6zalkalmazott nem \u00e1ll a tev\u00e9kenys\u00e9g folytat\u00e1s\u00e1t kiz\u00e1r\u00f3 foglalkoz\u00e1st\u00f3l eltilt\u00e1s hat\u00e1lya alatt,<\/li>\n<li>\u00a0 \u00a0 \u00a0 \u00a0 a p\u00e1ly\u00e1z\u00f3 szakmai \u00f6n\u00e9letrajza,<\/li>\n<li>\u00a0 \u00a0 \u00a0 \u00a0 a p\u00e1ly\u00e1z\u00f3 al\u00e1\u00edrt nyilatkozata arr\u00f3l, hogy hozz\u00e1j\u00e1rul a teljes p\u00e1ly\u00e1zati anyag\u00e1nak sokszoros\u00edt\u00e1s\u00e1hoz, tov\u00e1bb\u00edt\u00e1s\u00e1hoz (harmadik szem\u00e9llyel k\u00f6zl\u00e9s\u00e9hez),<\/li>\n<li>\u00a0 \u00a0 \u00a0 \u00a0 a p\u00e1ly\u00e1z\u00f3 al\u00e1\u00edrt nyilatkozata arr\u00f3l, hogy hozz\u00e1j\u00e1rul szem\u00e9lyes adatainak a p\u00e1ly\u00e1zattal kapcsolatos kezel\u00e9s\u00e9hez, tov\u00e1bb\u00edt\u00e1s\u00e1hoz.<\/li>\n<li>\u00a0 \u00a0 \u00a0 \u00a0 Hi\u00e1nyp\u00f3tl\u00e1sra a p\u00e1ly\u00e1zat bead\u00e1si hat\u00e1ridej\u00e9t k\u00f6vet\u0151en nincs lehet\u0151s\u00e9g.<\/li>\n<\/ul>\n<p style=\"text-align: center;\"><strong>A beoszt\u00e1s bet\u00f6lthet\u0151s\u00e9g\u00e9nek id\u0151pontja:<\/strong><\/p>\n<p style=\"text-align: center;\">A beoszt\u00e1s legkor\u00e1bban 2020. augusztus 16. napj\u00e1t\u00f3l t\u00f6lthet\u0151 be.<\/p>\n<p style=\"text-align: center;\"><strong>A p\u00e1ly\u00e1zat beny\u00fajt\u00e1s\u00e1nak hat\u00e1rideje:<\/strong> 2020. m\u00e1rcius 6.<\/p>\n<p style=\"text-align: center;\">A p\u00e1ly\u00e1zati ki\u00edr\u00e1ssal kapcsolatosan tov\u00e1bbi inform\u00e1ci\u00f3t B\u00e1thoryn\u00e9 dr. Licska Anik\u00f3 ny\u00fajt, a 06 62 795 208 -os telefonsz\u00e1mon.<\/p>\n<p style=\"text-align: center;\"><strong>A p\u00e1ly\u00e1zatok beny\u00fajt\u00e1s\u00e1nak m\u00f3dja: <\/strong><\/p>\n<ul style=\"text-align: center;\">\n<li>\u00a0 \u00a0 \u00a0 \u00a0 Postai \u00faton, a p\u00e1ly\u00e1zatnak a Emberi Er\u0151forr\u00e1sok Minisztere c\u00edm\u00e9re t\u00f6rt\u00e9n\u0151 megk\u00fcld\u00e9s\u00e9vel (H\u00f3dmez\u0151v\u00e1s\u00e1rhelyi Tanker\u00fcleti K\u00f6zpont c\u00edm\u00e9re: 6800 H\u00f3dmez\u0151v\u00e1s\u00e1rhely, Kossuth t\u00e9r 1. ). K\u00e9rj\u00fck a bor\u00edt\u00e9kon felt\u00fcntetni a p\u00e1ly\u00e1zati adatb\u00e1zisban szerepl\u0151 azonos\u00edt\u00f3 sz\u00e1mot: TK\/058\/00105-1\/2020 , valamint a beoszt\u00e1s megnevez\u00e9s\u00e9t: Mindszenti \u00c1ltal\u00e1nos Iskola &#8211; Int\u00e9zm\u00e9nyvezet\u0151.<\/li>\n<\/ul>\n<p style=\"text-align: center;\"><strong>A p\u00e1ly\u00e1zat elb\u00edr\u00e1l\u00e1s\u00e1nak hat\u00e1rideje:<\/strong> 2020. j\u00fanius 22.<\/p>\n<p style=\"text-align: center;\"><strong> A p\u00e1ly\u00e1zati ki\u00edr\u00e1s tov\u00e1bbi k\u00f6zz\u00e9t\u00e9tel\u00e9nek helye, ideje: <\/strong><\/p>\n<ul style=\"text-align: center;\">\n<li>\u00a0 \u00a0 \u00a0 \u00a0 helyben szok\u00e1sos m\u00f3don (int\u00e9zm\u00e9ny honlapj\u00e1n)<\/li>\n<\/ul>\n<p style=\"text-align: center;\"><strong>A munk\u00e1ltat\u00f3val kapcsolatos egy\u00e9b l\u00e9nyeges inform\u00e1ci\u00f3:<\/strong><\/p>\n<p style=\"text-align: center;\">A p\u00e1ly\u00e1zatot \u00edr\u00e1sban, h\u00e1rom azonos sz\u00f6veg\u0171 \u00e9s mell\u00e9klet\u0171 p\u00e9ld\u00e1nyban (kett\u0151 lef\u0171z\u00f6tt, bek\u00f6t\u00f6tt \u00e9s egy f\u0171z\u00e9s n\u00e9lk\u00fcli p\u00e9ld\u00e1nyban), z\u00e1rt bor\u00edt\u00e9kban k\u00e9rj\u00fck megk\u00fcldeni a H\u00f3dmez\u0151v\u00e1s\u00e1rhelyi Tanker\u00fcleti K\u00f6zpont c\u00edm\u00e9re. A bor\u00edt\u00e9kra \u00edrj\u00e1k r\u00e1 &#8222;P\u00c1LY\u00c1ZAT \u2013 Mindszenti \u00c1ltal\u00e1nos Iskola int\u00e9zm\u00e9nyvezet\u0151i beoszt\u00e1s\u00e1ra&#8221;.<\/p>\n<p style=\"text-align: center;\"><strong> A munk\u00e1ltat\u00f3val kapcsolatban tov\u00e1bbi inform\u00e1ci\u00f3t a http:\/\/kk.gov.hu\/hodmezovasarhely honlapon szerezhet. <\/strong><\/p>\n<p style=\"text-align: center;\"><strong>A K\u00d6ZIG\u00c1LL\u00c1S publik\u00e1l\u00e1si id\u0151pontja: <\/strong> 2020. febru\u00e1r 5.<\/p>\n<p style=\"text-align: center;\">A p\u00e1ly\u00e1zati ki\u00edr\u00e1s k\u00f6zz\u00e9tev\u0151je a Bel\u00fcgyminiszt\u00e9rium (BM). A p\u00e1ly\u00e1zati ki\u00edr\u00e1s a munk\u00e1ltat\u00f3 \u00e1ltal a BM r\u00e9sz\u00e9re megk\u00fcld\u00f6tt adatokat tartalmazza, \u00edgy annak tartalm\u00e1\u00e9rt a p\u00e1ly\u00e1zatot ki\u00edr\u00f3 szerv felel.<\/p>\n<p style=\"text-align: center;\">A p\u00e1ly\u00e1zati ki\u00edr\u00e1s el\u00e9rhet\u0151 az al\u00e1bbi linken: <span class=\"m_-1980364317255339505MsoHyperlink\"><a href=\"https:\/\/kozigallas.gov.hu\/pages\/jobviewer.aspx?ID=z1mj7paba8\" target=\"_blank\" rel=\"nofollow\">https:\/\/kozigallas.gov.hu\/pages\/jobviewer.aspx?ID=z1mj7paba8<\/a><\/span><\/p>\n","protected":false},"excerpt":{"rendered":"<p>Emberi Er\u0151forr\u00e1sok Minisztere \u00a0 \u00a0 \u00a0 \u00a0 \u00a0 \u00a0 \u00a0 \u00a0 \u00a0 \u00a0 \u00a0 \u00a0 \u00a0 \u00a0 a K\u00f6zalkalmazottak jog\u00e1ll\u00e1s\u00e1r\u00f3l sz\u00f3l\u00f3 1992. \u00e9vi XXXIII. t\u00f6rv\u00e9ny 20\/A. \u00a7 alapj\u00e1n p\u00e1ly\u00e1zatot hirdet a Mindszenti \u00c1ltal\u00e1nos Iskola Int\u00e9zm\u00e9nyvezet\u0151 (magasabb vezet\u0151) beoszt\u00e1s ell\u00e1t\u00e1s\u00e1ra. A k\u00f6zalkalmazotti jogviszony id\u0151tartama: hat\u00e1rozatlan idej\u0171 k\u00f6zalkalmazotti jogviszony \u00a0 \u00a0 \u00a0 [&hellip;]<\/p>\n","protected":false},"author":1,"featured_media":0,"parent":0,"menu_order":0,"comment_status":"closed","ping_status":"closed","template":"","meta":{"footnotes":""},"class_list":["post-3319","page","type-page","status-publish","hentry"],"_links":{"self":[{"href":"\/index.php?rest_route=\/wp\/v2\/pages\/3319","targetHints":{"allow":["GET"]}}],"collection":[{"href":"\/index.php?rest_route=\/wp\/v2\/pages"}],"about":[{"href":"\/index.php?rest_route=\/wp\/v2\/types\/page"}],"author":[{"embeddable":true,"href":"\/index.php?rest_route=\/wp\/v2\/users\/1"}],"replies":[{"embeddable":true,"href":"\/index.php?rest_route=%2Fwp%2Fv2%2Fcomments&post=3319"}],"version-history":[{"count":4,"href":"\/index.php?rest_route=\/wp\/v2\/pages\/3319\/revisions"}],"predecessor-version":[{"id":3325,"href":"\/index.php?rest_route=\/wp\/v2\/pages\/3319\/revisions\/3325"}],"wp:attachment":[{"href":"\/index.php?rest_route=%2Fwp%2Fv2%2Fmedia&parent=3319"}],"curies":[{"name":"wp","href":"https:\/\/api.w.org\/{rel}","templated":true}]}}