{"id":2849,"date":"2018-11-08T11:20:36","date_gmt":"2018-11-08T11:20:36","guid":{"rendered":"http:\/\/mindszentiskola.hu\/?page_id=2849"},"modified":"2018-11-08T11:20:52","modified_gmt":"2018-11-08T11:20:52","slug":"rajzpalyazat","status":"publish","type":"page","link":"\/?page_id=2849","title":{"rendered":"Rajzp\u00e1ly\u00e1zat"},"content":{"rendered":"<p>A Mindszenti \u00c1ltal\u00e1nos Iskola D\u00f3zsa-Telepi Tagint\u00e9zm\u00e9nye rajzp\u00e1ly\u00e1zatot hirdetett a Magyar n\u00e9pmese napja alkalm\u00e1b\u00f3l. K\u00f6zel 200 alkot\u00e1s \u00e9rkezett be int\u00e9zm\u00e9ny\u00fcnkbe di\u00e1kjainkt\u00f3l \u00e9s a v\u00e1ros \u00f3vod\u00e1sait\u00f3l. A 3 tag\u00fa zs\u0171ri (Nagy Margit nyugd\u00edjas tagint\u00e9zm\u00e9ny vezet\u0151, rajztan\u00e1r, Gyugel Gabriella iskolai k\u00f6nyvt\u00e1ros, Lupityka Zs\u00f3fi D\u00f3zsa D\u00d6K eln\u00f6ke) korcsoportonk\u00e9nt els\u0151 h\u00e1rom helyezettet d\u00edjazott. D\u00edj\u00e1tad\u00f3 \u00fcnneps\u00e9gre 2018. okt\u00f3ber 12-\u00e9n ker\u00fclt sor a tagint\u00e9zm\u00e9nyben, melyet egy j\u00e1tsz\u00f3h\u00e1zz<span class=\"text_exposed_show\">al z\u00e1rtunk.<br \/>\nD\u00edjazottjaink:<br \/>\n\u00d3voda:<br \/>\n1. hely: Barna T\u00edmea (Napsug\u00e1r csoport)<br \/>\n2. hely: \u00c1goston Linett (Fic\u00e1nka csoport)<br \/>\n3. hely: Ko\u00f3s Nimr\u00f3d (Napsug\u00e1r csoport)<br \/>\nTak\u00e1cs N\u00f3ra (Fic\u00e1nka csoport)<br \/>\n1-2. oszt\u00e1ly:<br \/>\n1. hely: Mak\u00f3 Bal\u00e1zs 2.a<br \/>\n2. hely: Sinka Zora 1.c<br \/>\nB\u00edr\u00f3 J\u00e1zmin 2.a<br \/>\n3. hely: Vida Zsombor 1.a<br \/>\nMalik Zal\u00e1n 1.c<br \/>\n\u00d6rd\u00f6g R\u00e9ka 2.a<br \/>\n3-4. oszt\u00e1ly:<br \/>\n1. hely: Boldizs\u00e1r Amina 4.b<br \/>\nLupityka Andr\u00e1s 4.c<br \/>\n2. hely: J\u00f3n\u00e1s Zal\u00e1n 3.c<br \/>\n3. hely: Kurucsai Adrienn 4.a<br \/>\nZs\u00f3t\u00e9r Molli 3.c<\/span><\/p>\n<div class=\"text_exposed_show\">\n<p>K\u00f6sz\u00f6nj\u00fck a felk\u00e9sz\u00edt\u0151 nevel\u0151knek, sz\u00fcl\u0151knek, a zs\u0171ri tagjainak seg\u00edt\u0151 munk\u00e1j\u00e1t, illetve Sz\u00e9cs\u00e9nyi J\u00f3zsefn\u00e9 Marg\u00f3 n\u00e9ninek a Mindszenti Id\u0151sek\u00e9rt Alap\u00edtv\u00e1ny nev\u00e9ben a t\u00e1mogat\u00e1st.<\/p>\n\n\t\t<style type=\"text\/css\">\n\t\t\t#gallery-1 {\n\t\t\t\tmargin: auto;\n\t\t\t}\n\t\t\t#gallery-1 .gallery-item {\n\t\t\t\tfloat: left;\n\t\t\t\tmargin-top: 10px;\n\t\t\t\ttext-align: center;\n\t\t\t\twidth: 25%;\n\t\t\t}\n\t\t\t#gallery-1 img {\n\t\t\t\tborder: 2px solid #cfcfcf;\n\t\t\t}\n\t\t\t#gallery-1 .gallery-caption {\n\t\t\t\tmargin-left: 0;\n\t\t\t}\n\t\t\t\/* see gallery_shortcode() in wp-includes\/media.php *\/\n\t\t<\/style>\n\t\t<div id='gallery-1' class='gallery galleryid-2849 gallery-columns-4 gallery-size-thumbnail'><dl class='gallery-item'>\n\t\t\t<dt class='gallery-icon portrait'>\n\t\t\t\t<a href='\/?attachment_id=2850'><img loading=\"lazy\" decoding=\"async\" width=\"150\" height=\"150\" src=\"\/wp-content\/uploads\/2018\/11\/43586940_2098592980357346_7749548885336391680_n-150x150.jpg\" class=\"attachment-thumbnail size-thumbnail\" alt=\"\" \/><\/a>\n\t\t\t<\/dt><\/dl><dl class='gallery-item'>\n\t\t\t<dt class='gallery-icon portrait'>\n\t\t\t\t<a href='\/?attachment_id=2851'><img loading=\"lazy\" decoding=\"async\" width=\"150\" height=\"150\" src=\"\/wp-content\/uploads\/2018\/11\/43636863_2098592893690688_9022979325363748864_n-150x150.jpg\" class=\"attachment-thumbnail size-thumbnail\" alt=\"\" \/><\/a>\n\t\t\t<\/dt><\/dl><dl class='gallery-item'>\n\t\t\t<dt class='gallery-icon portrait'>\n\t\t\t\t<a href='\/?attachment_id=2852'><img loading=\"lazy\" decoding=\"async\" width=\"150\" height=\"150\" src=\"\/wp-content\/uploads\/2018\/11\/43639069_2098593300357314_4352834610149720064_n-150x150.jpg\" class=\"attachment-thumbnail size-thumbnail\" alt=\"\" \/><\/a>\n\t\t\t<\/dt><\/dl><dl class='gallery-item'>\n\t\t\t<dt class='gallery-icon landscape'>\n\t\t\t\t<a href='\/?attachment_id=2853'><img loading=\"lazy\" decoding=\"async\" width=\"150\" height=\"150\" src=\"\/wp-content\/uploads\/2018\/11\/43660728_2098592267024084_1644574919310180352_o-150x150.jpg\" class=\"attachment-thumbnail size-thumbnail\" alt=\"\" \/><\/a>\n\t\t\t<\/dt><\/dl><br style=\"clear: both\" \/><dl class='gallery-item'>\n\t\t\t<dt class='gallery-icon portrait'>\n\t\t\t\t<a href='\/?attachment_id=2854'><img loading=\"lazy\" decoding=\"async\" width=\"150\" height=\"150\" src=\"\/wp-content\/uploads\/2018\/11\/43696171_2098592747024036_1247411961939886080_n-150x150.jpg\" class=\"attachment-thumbnail size-thumbnail\" alt=\"\" \/><\/a>\n\t\t\t<\/dt><\/dl><dl class='gallery-item'>\n\t\t\t<dt class='gallery-icon portrait'>\n\t\t\t\t<a href='\/?attachment_id=2855'><img loading=\"lazy\" decoding=\"async\" width=\"150\" height=\"150\" src=\"\/wp-content\/uploads\/2018\/11\/43725945_2098592297024081_4731723014251479040_n-150x150.jpg\" class=\"attachment-thumbnail size-thumbnail\" alt=\"\" \/><\/a>\n\t\t\t<\/dt><\/dl><dl class='gallery-item'>\n\t\t\t<dt class='gallery-icon portrait'>\n\t\t\t\t<a href='\/?attachment_id=2856'><img loading=\"lazy\" decoding=\"async\" width=\"150\" height=\"150\" src=\"\/wp-content\/uploads\/2018\/11\/44661638_2098592433690734_7942822624109789184_n-150x150.jpg\" class=\"attachment-thumbnail size-thumbnail\" alt=\"\" \/><\/a>\n\t\t\t<\/dt><\/dl><dl class='gallery-item'>\n\t\t\t<dt class='gallery-icon landscape'>\n\t\t\t\t<a href='\/?attachment_id=2857'><img loading=\"lazy\" decoding=\"async\" width=\"150\" height=\"150\" src=\"\/wp-content\/uploads\/2018\/11\/44707109_2098592570357387_3311083935953321984_o-150x150.jpg\" class=\"attachment-thumbnail size-thumbnail\" alt=\"\" \/><\/a>\n\t\t\t<\/dt><\/dl><br style=\"clear: both\" \/><dl class='gallery-item'>\n\t\t\t<dt class='gallery-icon portrait'>\n\t\t\t\t<a href='\/?attachment_id=2858'><img loading=\"lazy\" decoding=\"async\" width=\"150\" height=\"150\" src=\"\/wp-content\/uploads\/2018\/11\/44714759_2098592793690698_8870292937343238144_n-150x150.jpg\" class=\"attachment-thumbnail size-thumbnail\" alt=\"\" \/><\/a>\n\t\t\t<\/dt><\/dl><dl class='gallery-item'>\n\t\t\t<dt class='gallery-icon portrait'>\n\t\t\t\t<a href='\/?attachment_id=2859'><img loading=\"lazy\" decoding=\"async\" width=\"150\" height=\"150\" src=\"\/wp-content\/uploads\/2018\/11\/44717936_2098592877024023_8238204120809340928_n-150x150.jpg\" class=\"attachment-thumbnail size-thumbnail\" alt=\"\" \/><\/a>\n\t\t\t<\/dt><\/dl><dl class='gallery-item'>\n\t\t\t<dt class='gallery-icon portrait'>\n\t\t\t\t<a href='\/?attachment_id=2860'><img loading=\"lazy\" decoding=\"async\" width=\"150\" height=\"150\" src=\"\/wp-content\/uploads\/2018\/11\/44723406_2098592513690726_7684401429821259776_n-150x150.jpg\" class=\"attachment-thumbnail size-thumbnail\" alt=\"\" \/><\/a>\n\t\t\t<\/dt><\/dl><dl class='gallery-item'>\n\t\t\t<dt class='gallery-icon portrait'>\n\t\t\t\t<a href='\/?attachment_id=2861'><img loading=\"lazy\" decoding=\"async\" width=\"150\" height=\"150\" src=\"\/wp-content\/uploads\/2018\/11\/44735414_2098592967024014_7462174423152328704_n-150x150.jpg\" class=\"attachment-thumbnail size-thumbnail\" alt=\"\" \/><\/a>\n\t\t\t<\/dt><\/dl><br style=\"clear: both\" \/><dl class='gallery-item'>\n\t\t\t<dt class='gallery-icon portrait'>\n\t\t\t\t<a href='\/?attachment_id=2862'><img loading=\"lazy\" decoding=\"async\" width=\"150\" height=\"150\" src=\"\/wp-content\/uploads\/2018\/11\/44738002_2098592777024033_6461347034870841344_n-150x150.jpg\" class=\"attachment-thumbnail size-thumbnail\" alt=\"\" \/><\/a>\n\t\t\t<\/dt><\/dl><dl class='gallery-item'>\n\t\t\t<dt class='gallery-icon landscape'>\n\t\t\t\t<a href='\/?attachment_id=2863'><img loading=\"lazy\" decoding=\"async\" width=\"150\" height=\"150\" src=\"\/wp-content\/uploads\/2018\/11\/44739294_2098592463690731_6789133608847147008_o-150x150.jpg\" class=\"attachment-thumbnail size-thumbnail\" alt=\"\" \/><\/a>\n\t\t\t<\/dt><\/dl><dl class='gallery-item'>\n\t\t\t<dt class='gallery-icon portrait'>\n\t\t\t\t<a href='\/?attachment_id=2864'><img loading=\"lazy\" decoding=\"async\" width=\"150\" height=\"150\" src=\"\/wp-content\/uploads\/2018\/11\/44744947_2098592650357379_1612010846639095808_n-150x150.jpg\" class=\"attachment-thumbnail size-thumbnail\" alt=\"\" \/><\/a>\n\t\t\t<\/dt><\/dl><dl class='gallery-item'>\n\t\t\t<dt class='gallery-icon landscape'>\n\t\t\t\t<a href='\/?attachment_id=2865'><img loading=\"lazy\" decoding=\"async\" width=\"150\" height=\"150\" src=\"\/wp-content\/uploads\/2018\/11\/44746029_2098592603690717_3385737086102405120_o-150x150.jpg\" class=\"attachment-thumbnail size-thumbnail\" alt=\"\" \/><\/a>\n\t\t\t<\/dt><\/dl><br style=\"clear: both\" \/><dl class='gallery-item'>\n\t\t\t<dt class='gallery-icon portrait'>\n\t\t\t\t<a href='\/?attachment_id=2866'><img loading=\"lazy\" decoding=\"async\" width=\"150\" height=\"150\" src=\"\/wp-content\/uploads\/2018\/11\/44752969_2098592350357409_16268747706728448_n-150x150.jpg\" class=\"attachment-thumbnail size-thumbnail\" alt=\"\" \/><\/a>\n\t\t\t<\/dt><\/dl><dl class='gallery-item'>\n\t\t\t<dt class='gallery-icon landscape'>\n\t\t\t\t<a href='\/?attachment_id=2867'><img loading=\"lazy\" decoding=\"async\" width=\"150\" height=\"150\" src=\"\/wp-content\/uploads\/2018\/11\/44756018_2098592697024041_6167188607418236928_o-150x150.jpg\" class=\"attachment-thumbnail size-thumbnail\" alt=\"\" \/><\/a>\n\t\t\t<\/dt><\/dl><dl class='gallery-item'>\n\t\t\t<dt class='gallery-icon portrait'>\n\t\t\t\t<a href='\/?attachment_id=2868'><img loading=\"lazy\" decoding=\"async\" width=\"150\" height=\"150\" src=\"\/wp-content\/uploads\/2018\/11\/44800083_2098592287024082_2788250059408408576_n-150x150.jpg\" class=\"attachment-thumbnail size-thumbnail\" alt=\"\" \/><\/a>\n\t\t\t<\/dt><\/dl><dl class='gallery-item'>\n\t\t\t<dt class='gallery-icon landscape'>\n\t\t\t\t<a href='\/?attachment_id=2869'><img loading=\"lazy\" decoding=\"async\" width=\"150\" height=\"150\" src=\"\/wp-content\/uploads\/2018\/11\/44812353_2098592563690721_5524440206041677824_o-150x150.jpg\" class=\"attachment-thumbnail size-thumbnail\" alt=\"\" \/><\/a>\n\t\t\t<\/dt><\/dl><br style=\"clear: both\" \/><dl class='gallery-item'>\n\t\t\t<dt class='gallery-icon landscape'>\n\t\t\t\t<a href='\/?attachment_id=2870'><img loading=\"lazy\" decoding=\"async\" width=\"150\" height=\"150\" src=\"\/wp-content\/uploads\/2018\/11\/44816829_2098592470357397_8552234764940083200_o-150x150.jpg\" class=\"attachment-thumbnail size-thumbnail\" alt=\"\" \/><\/a>\n\t\t\t<\/dt><\/dl><dl class='gallery-item'>\n\t\t\t<dt class='gallery-icon portrait'>\n\t\t\t\t<a href='\/?attachment_id=2871'><img loading=\"lazy\" decoding=\"async\" width=\"150\" height=\"150\" src=\"\/wp-content\/uploads\/2018\/11\/44819339_2098592377024073_7612359705687490560_n-150x150.jpg\" class=\"attachment-thumbnail size-thumbnail\" alt=\"\" \/><\/a>\n\t\t\t<\/dt><\/dl><dl class='gallery-item'>\n\t\t\t<dt class='gallery-icon portrait'>\n\t\t\t\t<a href='\/?attachment_id=2872'><img loading=\"lazy\" decoding=\"async\" width=\"150\" height=\"150\" src=\"\/wp-content\/uploads\/2018\/11\/44825777_2098592953690682_4530059752650047488_n-150x150.jpg\" class=\"attachment-thumbnail size-thumbnail\" alt=\"\" \/><\/a>\n\t\t\t<\/dt><\/dl><dl class='gallery-item'>\n\t\t\t<dt class='gallery-icon landscape'>\n\t\t\t\t<a href='\/?attachment_id=2873'><img loading=\"lazy\" decoding=\"async\" width=\"150\" height=\"150\" src=\"\/wp-content\/uploads\/2018\/11\/44842583_2098592367024074_601020964439851008_o-150x150.jpg\" class=\"attachment-thumbnail size-thumbnail\" alt=\"\" \/><\/a>\n\t\t\t<\/dt><\/dl><br style=\"clear: both\" \/><dl class='gallery-item'>\n\t\t\t<dt class='gallery-icon portrait'>\n\t\t\t\t<a href='\/?attachment_id=2874'><img loading=\"lazy\" decoding=\"async\" width=\"150\" height=\"150\" src=\"\/wp-content\/uploads\/2018\/11\/44874518_2098592640357380_8616063210228809728_n-150x150.jpg\" class=\"attachment-thumbnail size-thumbnail\" alt=\"\" \/><\/a>\n\t\t\t<\/dt><\/dl><dl class='gallery-item'>\n\t\t\t<dt class='gallery-icon portrait'>\n\t\t\t\t<a href='\/?attachment_id=2875'><img loading=\"lazy\" decoding=\"async\" width=\"150\" height=\"150\" src=\"\/wp-content\/uploads\/2018\/11\/44898815_2098592857024025_928673183249203200_n-150x150.jpg\" class=\"attachment-thumbnail size-thumbnail\" alt=\"\" \/><\/a>\n\t\t\t<\/dt><\/dl>\n\t\t\t<br style='clear: both' \/>\n\t\t<\/div>\n\n<\/div>\n","protected":false},"excerpt":{"rendered":"<p>A Mindszenti \u00c1ltal\u00e1nos Iskola D\u00f3zsa-Telepi Tagint\u00e9zm\u00e9nye rajzp\u00e1ly\u00e1zatot hirdetett a Magyar n\u00e9pmese napja alkalm\u00e1b\u00f3l. K\u00f6zel 200 alkot\u00e1s \u00e9rkezett be int\u00e9zm\u00e9ny\u00fcnkbe di\u00e1kjainkt\u00f3l \u00e9s a v\u00e1ros \u00f3vod\u00e1sait\u00f3l. A 3 tag\u00fa zs\u0171ri (Nagy Margit nyugd\u00edjas tagint\u00e9zm\u00e9ny vezet\u0151, rajztan\u00e1r, Gyugel Gabriella iskolai k\u00f6nyvt\u00e1ros, Lupityka Zs\u00f3fi D\u00f3zsa D\u00d6K eln\u00f6ke) korcsoportonk\u00e9nt els\u0151 h\u00e1rom helyezettet d\u00edjazott. D\u00edj\u00e1tad\u00f3 \u00fcnneps\u00e9gre [&hellip;]<\/p>\n","protected":false},"author":1,"featured_media":0,"parent":0,"menu_order":0,"comment_status":"closed","ping_status":"closed","template":"","meta":{"footnotes":""},"class_list":["post-2849","page","type-page","status-publish","hentry"],"_links":{"self":[{"href":"\/index.php?rest_route=\/wp\/v2\/pages\/2849","targetHints":{"allow":["GET"]}}],"collection":[{"href":"\/index.php?rest_route=\/wp\/v2\/pages"}],"about":[{"href":"\/index.php?rest_route=\/wp\/v2\/types\/page"}],"author":[{"embeddable":true,"href":"\/index.php?rest_route=\/wp\/v2\/users\/1"}],"replies":[{"embeddable":true,"href":"\/index.php?rest_route=%2Fwp%2Fv2%2Fcomments&post=2849"}],"version-history":[{"count":1,"href":"\/index.php?rest_route=\/wp\/v2\/pages\/2849\/revisions"}],"predecessor-version":[{"id":2876,"href":"\/index.php?rest_route=\/wp\/v2\/pages\/2849\/revisions\/2876"}],"wp:attachment":[{"href":"\/index.php?rest_route=%2Fwp%2Fv2%2Fmedia&parent=2849"}],"curies":[{"name":"wp","href":"https:\/\/api.w.org\/{rel}","templated":true}]}}