{"id":2541,"date":"2018-03-21T07:02:43","date_gmt":"2018-03-21T07:02:43","guid":{"rendered":"http:\/\/mindszentiskola.hu\/?page_id=2541"},"modified":"2018-03-21T07:02:43","modified_gmt":"2018-03-21T07:02:43","slug":"marcius-15-i-megemlekezes","status":"publish","type":"page","link":"\/?page_id=2541","title":{"rendered":"M\u00e1rcius 15-i megeml\u00e9kez\u00e9s"},"content":{"rendered":"\n\t\t<style type=\"text\/css\">\n\t\t\t#gallery-1 {\n\t\t\t\tmargin: auto;\n\t\t\t}\n\t\t\t#gallery-1 .gallery-item {\n\t\t\t\tfloat: left;\n\t\t\t\tmargin-top: 10px;\n\t\t\t\ttext-align: center;\n\t\t\t\twidth: 33%;\n\t\t\t}\n\t\t\t#gallery-1 img {\n\t\t\t\tborder: 2px solid #cfcfcf;\n\t\t\t}\n\t\t\t#gallery-1 .gallery-caption {\n\t\t\t\tmargin-left: 0;\n\t\t\t}\n\t\t\t\/* see gallery_shortcode() in wp-includes\/media.php *\/\n\t\t<\/style>\n\t\t<div id='gallery-1' class='gallery galleryid-2541 gallery-columns-3 gallery-size-thumbnail'><dl class='gallery-item'>\n\t\t\t<dt class='gallery-icon landscape'>\n\t\t\t\t<a href='\/?attachment_id=2542'><img loading=\"lazy\" decoding=\"async\" width=\"150\" height=\"150\" src=\"\/wp-content\/uploads\/2018\/03\/1-150x150.png\" class=\"attachment-thumbnail size-thumbnail\" alt=\"\" \/><\/a>\n\t\t\t<\/dt><\/dl><dl class='gallery-item'>\n\t\t\t<dt class='gallery-icon landscape'>\n\t\t\t\t<a href='\/?attachment_id=2543'><img loading=\"lazy\" decoding=\"async\" width=\"150\" height=\"150\" src=\"\/wp-content\/uploads\/2018\/03\/2-150x150.png\" class=\"attachment-thumbnail size-thumbnail\" alt=\"\" \/><\/a>\n\t\t\t<\/dt><\/dl><dl class='gallery-item'>\n\t\t\t<dt class='gallery-icon landscape'>\n\t\t\t\t<a href='\/?attachment_id=2544'><img loading=\"lazy\" decoding=\"async\" width=\"150\" height=\"150\" src=\"\/wp-content\/uploads\/2018\/03\/3-150x150.png\" class=\"attachment-thumbnail size-thumbnail\" alt=\"\" \/><\/a>\n\t\t\t<\/dt><\/dl><br style=\"clear: both\" \/><dl class='gallery-item'>\n\t\t\t<dt class='gallery-icon landscape'>\n\t\t\t\t<a href='\/?attachment_id=2545'><img loading=\"lazy\" decoding=\"async\" width=\"150\" height=\"150\" src=\"\/wp-content\/uploads\/2018\/03\/4-150x150.png\" class=\"attachment-thumbnail size-thumbnail\" alt=\"\" \/><\/a>\n\t\t\t<\/dt><\/dl><dl class='gallery-item'>\n\t\t\t<dt class='gallery-icon landscape'>\n\t\t\t\t<a href='\/?attachment_id=2546'><img loading=\"lazy\" decoding=\"async\" width=\"150\" height=\"150\" src=\"\/wp-content\/uploads\/2018\/03\/5-150x150.png\" class=\"attachment-thumbnail size-thumbnail\" alt=\"\" \/><\/a>\n\t\t\t<\/dt><\/dl><dl class='gallery-item'>\n\t\t\t<dt class='gallery-icon landscape'>\n\t\t\t\t<a href='\/?attachment_id=2547'><img loading=\"lazy\" decoding=\"async\" width=\"150\" height=\"150\" src=\"\/wp-content\/uploads\/2018\/03\/6-150x150.png\" class=\"attachment-thumbnail size-thumbnail\" alt=\"\" \/><\/a>\n\t\t\t<\/dt><\/dl><br style=\"clear: both\" \/><dl class='gallery-item'>\n\t\t\t<dt class='gallery-icon landscape'>\n\t\t\t\t<a href='\/?attachment_id=2548'><img loading=\"lazy\" decoding=\"async\" width=\"150\" height=\"150\" src=\"\/wp-content\/uploads\/2018\/03\/7-150x150.png\" class=\"attachment-thumbnail size-thumbnail\" alt=\"\" \/><\/a>\n\t\t\t<\/dt><\/dl><dl class='gallery-item'>\n\t\t\t<dt class='gallery-icon landscape'>\n\t\t\t\t<a href='\/?attachment_id=2549'><img loading=\"lazy\" decoding=\"async\" width=\"150\" height=\"150\" src=\"\/wp-content\/uploads\/2018\/03\/8-150x150.png\" class=\"attachment-thumbnail size-thumbnail\" alt=\"\" \/><\/a>\n\t\t\t<\/dt><\/dl><dl class='gallery-item'>\n\t\t\t<dt class='gallery-icon landscape'>\n\t\t\t\t<a href='\/?attachment_id=2550'><img loading=\"lazy\" decoding=\"async\" width=\"150\" height=\"150\" src=\"\/wp-content\/uploads\/2018\/03\/9-150x150.png\" class=\"attachment-thumbnail size-thumbnail\" alt=\"\" \/><\/a>\n\t\t\t<\/dt><\/dl><br style=\"clear: both\" \/>\n\t\t<\/div>\n\n","protected":false},"excerpt":{"rendered":"","protected":false},"author":1,"featured_media":0,"parent":0,"menu_order":0,"comment_status":"closed","ping_status":"closed","template":"","meta":{"footnotes":""},"class_list":["post-2541","page","type-page","status-publish","hentry"],"_links":{"self":[{"href":"\/index.php?rest_route=\/wp\/v2\/pages\/2541","targetHints":{"allow":["GET"]}}],"collection":[{"href":"\/index.php?rest_route=\/wp\/v2\/pages"}],"about":[{"href":"\/index.php?rest_route=\/wp\/v2\/types\/page"}],"author":[{"embeddable":true,"href":"\/index.php?rest_route=\/wp\/v2\/users\/1"}],"replies":[{"embeddable":true,"href":"\/index.php?rest_route=%2Fwp%2Fv2%2Fcomments&post=2541"}],"version-history":[{"count":1,"href":"\/index.php?rest_route=\/wp\/v2\/pages\/2541\/revisions"}],"predecessor-version":[{"id":2551,"href":"\/index.php?rest_route=\/wp\/v2\/pages\/2541\/revisions\/2551"}],"wp:attachment":[{"href":"\/index.php?rest_route=%2Fwp%2Fv2%2Fmedia&parent=2541"}],"curies":[{"name":"wp","href":"https:\/\/api.w.org\/{rel}","templated":true}]}}