{"id":2449,"date":"2018-01-30T13:44:14","date_gmt":"2018-01-30T13:44:14","guid":{"rendered":"http:\/\/mindszentiskola.hu\/?page_id=2449"},"modified":"2018-05-30T08:31:49","modified_gmt":"2018-05-30T08:31:49","slug":"hatartalanul-palyazat-2017-szeptember","status":"publish","type":"page","link":"\/?page_id=2449","title":{"rendered":"Hat\u00e1rtalanul p\u00e1ly\u00e1zat 2017 szeptember"},"content":{"rendered":"\n\t\t<style type=\"text\/css\">\n\t\t\t#gallery-1 {\n\t\t\t\tmargin: auto;\n\t\t\t}\n\t\t\t#gallery-1 .gallery-item {\n\t\t\t\tfloat: left;\n\t\t\t\tmargin-top: 10px;\n\t\t\t\ttext-align: center;\n\t\t\t\twidth: 25%;\n\t\t\t}\n\t\t\t#gallery-1 img {\n\t\t\t\tborder: 2px solid #cfcfcf;\n\t\t\t}\n\t\t\t#gallery-1 .gallery-caption {\n\t\t\t\tmargin-left: 0;\n\t\t\t}\n\t\t\t\/* see gallery_shortcode() in wp-includes\/media.php *\/\n\t\t<\/style>\n\t\t<div id='gallery-1' class='gallery galleryid-2449 gallery-columns-4 gallery-size-thumbnail'><dl class='gallery-item'>\n\t\t\t<dt class='gallery-icon landscape'>\n\t\t\t\t<a href='\/?attachment_id=2450'><img loading=\"lazy\" decoding=\"async\" width=\"150\" height=\"150\" src=\"\/wp-content\/uploads\/2018\/01\/01-el\u0151k\u00e9sz\u00edt\u0151-\u00f3ra-1-150x150.jpg\" class=\"attachment-thumbnail size-thumbnail\" alt=\"\" \/><\/a>\n\t\t\t<\/dt><\/dl><dl class='gallery-item'>\n\t\t\t<dt class='gallery-icon landscape'>\n\t\t\t\t<a href='\/?attachment_id=2451'><img loading=\"lazy\" decoding=\"async\" width=\"150\" height=\"150\" src=\"\/wp-content\/uploads\/2018\/01\/02-el\u0151k\u00e9sz\u00edt\u0151-\u00f3ra-2-150x150.jpg\" class=\"attachment-thumbnail size-thumbnail\" alt=\"\" \/><\/a>\n\t\t\t<\/dt><\/dl><dl class='gallery-item'>\n\t\t\t<dt class='gallery-icon landscape'>\n\t\t\t\t<a href='\/?attachment_id=2452'><img loading=\"lazy\" decoding=\"async\" width=\"150\" height=\"150\" src=\"\/wp-content\/uploads\/2018\/01\/03-Nagyszalonta-sz\u00fcl\u0151h\u00e1z-150x150.jpg\" class=\"attachment-thumbnail size-thumbnail\" alt=\"\" \/><\/a>\n\t\t\t<\/dt><\/dl><dl class='gallery-item'>\n\t\t\t<dt class='gallery-icon landscape'>\n\t\t\t\t<a href='\/?attachment_id=2453'><img loading=\"lazy\" decoding=\"async\" width=\"150\" height=\"150\" src=\"\/wp-content\/uploads\/2018\/01\/04-Nagyszalonta-Arany-150x150.jpg\" class=\"attachment-thumbnail size-thumbnail\" alt=\"\" \/><\/a>\n\t\t\t<\/dt><\/dl><br style=\"clear: both\" \/><dl class='gallery-item'>\n\t\t\t<dt class='gallery-icon landscape'>\n\t\t\t\t<a href='\/?attachment_id=2454'><img loading=\"lazy\" decoding=\"async\" width=\"150\" height=\"150\" src=\"\/wp-content\/uploads\/2018\/01\/05-Nagyszalonta-Csonkatorony-150x150.jpg\" class=\"attachment-thumbnail size-thumbnail\" alt=\"\" \/><\/a>\n\t\t\t<\/dt><\/dl><dl class='gallery-item'>\n\t\t\t<dt class='gallery-icon landscape'>\n\t\t\t\t<a href='\/?attachment_id=2455'><img loading=\"lazy\" decoding=\"async\" width=\"150\" height=\"150\" src=\"\/wp-content\/uploads\/2018\/01\/06-Nagyv\u00e1rad-150x150.jpg\" class=\"attachment-thumbnail size-thumbnail\" alt=\"\" \/><\/a>\n\t\t\t<\/dt><\/dl><dl class='gallery-item'>\n\t\t\t<dt class='gallery-icon landscape'>\n\t\t\t\t<a href='\/?attachment_id=2456'><img loading=\"lazy\" decoding=\"async\" width=\"150\" height=\"150\" src=\"\/wp-content\/uploads\/2018\/01\/07-Kolozsv\u00e1r-150x150.jpg\" class=\"attachment-thumbnail size-thumbnail\" alt=\"\" \/><\/a>\n\t\t\t<\/dt><\/dl><dl class='gallery-item'>\n\t\t\t<dt class='gallery-icon landscape'>\n\t\t\t\t<a href='\/?attachment_id=2457'><img loading=\"lazy\" decoding=\"async\" width=\"150\" height=\"150\" src=\"\/wp-content\/uploads\/2018\/01\/08-Torock\u00f3-sz\u00e1ll\u00e1s-150x150.jpg\" class=\"attachment-thumbnail size-thumbnail\" alt=\"\" \/><\/a>\n\t\t\t<\/dt><\/dl><br style=\"clear: both\" \/><dl class='gallery-item'>\n\t\t\t<dt class='gallery-icon landscape'>\n\t\t\t\t<a href='\/?attachment_id=2458'><img loading=\"lazy\" decoding=\"async\" width=\"150\" height=\"150\" src=\"\/wp-content\/uploads\/2018\/01\/09-Torda-S\u00f3b\u00e1nya-150x150.jpg\" class=\"attachment-thumbnail size-thumbnail\" alt=\"\" \/><\/a>\n\t\t\t<\/dt><\/dl><dl class='gallery-item'>\n\t\t\t<dt class='gallery-icon landscape'>\n\t\t\t\t<a href='\/?attachment_id=2459'><img loading=\"lazy\" decoding=\"async\" width=\"150\" height=\"150\" src=\"\/wp-content\/uploads\/2018\/01\/10-Tordai-hasad\u00e9k-1-150x150.jpg\" class=\"attachment-thumbnail size-thumbnail\" alt=\"\" \/><\/a>\n\t\t\t<\/dt><\/dl><dl class='gallery-item'>\n\t\t\t<dt class='gallery-icon landscape'>\n\t\t\t\t<a href='\/?attachment_id=2460'><img loading=\"lazy\" decoding=\"async\" width=\"150\" height=\"150\" src=\"\/wp-content\/uploads\/2018\/01\/11-Tordai-hasad\u00e9k-2-150x150.jpg\" class=\"attachment-thumbnail size-thumbnail\" alt=\"\" \/><\/a>\n\t\t\t<\/dt><\/dl><dl class='gallery-item'>\n\t\t\t<dt class='gallery-icon landscape'>\n\t\t\t\t<a href='\/?attachment_id=2461'><img loading=\"lazy\" decoding=\"async\" width=\"150\" height=\"150\" src=\"\/wp-content\/uploads\/2018\/01\/12-Tordai-hasad\u00e9k-3-150x150.jpg\" class=\"attachment-thumbnail size-thumbnail\" alt=\"\" \/><\/a>\n\t\t\t<\/dt><\/dl><br style=\"clear: both\" \/><dl class='gallery-item'>\n\t\t\t<dt class='gallery-icon landscape'>\n\t\t\t\t<a href='\/?attachment_id=2462'><img loading=\"lazy\" decoding=\"async\" width=\"150\" height=\"150\" src=\"\/wp-content\/uploads\/2018\/01\/13-Torock\u00f3-150x150.jpg\" class=\"attachment-thumbnail size-thumbnail\" alt=\"\" \/><\/a>\n\t\t\t<\/dt><\/dl><dl class='gallery-item'>\n\t\t\t<dt class='gallery-icon landscape'>\n\t\t\t\t<a href='\/?attachment_id=2463'><img loading=\"lazy\" decoding=\"async\" width=\"150\" height=\"150\" src=\"\/wp-content\/uploads\/2018\/01\/14-Gyulafeh\u00e9rv\u00e1r-Hunyadi-s\u00edr-150x150.jpg\" class=\"attachment-thumbnail size-thumbnail\" alt=\"\" \/><\/a>\n\t\t\t<\/dt><\/dl><dl class='gallery-item'>\n\t\t\t<dt class='gallery-icon landscape'>\n\t\t\t\t<a href='\/?attachment_id=2464'><img loading=\"lazy\" decoding=\"async\" width=\"150\" height=\"150\" src=\"\/wp-content\/uploads\/2018\/01\/15-D\u00e9vai-felvon\u00f3-150x150.jpg\" class=\"attachment-thumbnail size-thumbnail\" alt=\"\" \/><\/a>\n\t\t\t<\/dt><\/dl><dl class='gallery-item'>\n\t\t\t<dt class='gallery-icon landscape'>\n\t\t\t\t<a href='\/?attachment_id=2465'><img loading=\"lazy\" decoding=\"async\" width=\"150\" height=\"150\" src=\"\/wp-content\/uploads\/2018\/01\/16-D\u00e9va-1-150x150.jpg\" class=\"attachment-thumbnail size-thumbnail\" alt=\"\" \/><\/a>\n\t\t\t<\/dt><\/dl><br style=\"clear: both\" \/><dl class='gallery-item'>\n\t\t\t<dt class='gallery-icon landscape'>\n\t\t\t\t<a href='\/?attachment_id=2466'><img loading=\"lazy\" decoding=\"async\" width=\"150\" height=\"150\" src=\"\/wp-content\/uploads\/2018\/01\/17-D\u00e9va-2-150x150.jpg\" class=\"attachment-thumbnail size-thumbnail\" alt=\"\" \/><\/a>\n\t\t\t<\/dt><\/dl><dl class='gallery-item'>\n\t\t\t<dt class='gallery-icon landscape'>\n\t\t\t\t<a href='\/?attachment_id=2467'><img loading=\"lazy\" decoding=\"async\" width=\"150\" height=\"150\" src=\"\/wp-content\/uploads\/2018\/01\/18-D\u00e9va-\u00e1rvah\u00e1z-1-150x150.jpg\" class=\"attachment-thumbnail size-thumbnail\" alt=\"\" \/><\/a>\n\t\t\t<\/dt><\/dl><dl class='gallery-item'>\n\t\t\t<dt class='gallery-icon landscape'>\n\t\t\t\t<a href='\/?attachment_id=2468'><img loading=\"lazy\" decoding=\"async\" width=\"150\" height=\"150\" src=\"\/wp-content\/uploads\/2018\/01\/19-D\u00e9va-\u00e1rvah\u00e1z-2-150x150.jpg\" class=\"attachment-thumbnail size-thumbnail\" alt=\"\" \/><\/a>\n\t\t\t<\/dt><\/dl><dl class='gallery-item'>\n\t\t\t<dt class='gallery-icon landscape'>\n\t\t\t\t<a href='\/?attachment_id=2469'><img loading=\"lazy\" decoding=\"async\" width=\"150\" height=\"150\" src=\"\/wp-content\/uploads\/2018\/01\/20-Csernakerszt\u00far-t\u00e1jh\u00e1z-150x150.jpg\" class=\"attachment-thumbnail size-thumbnail\" alt=\"\" \/><\/a>\n\t\t\t<\/dt><\/dl><br style=\"clear: both\" \/><dl class='gallery-item'>\n\t\t\t<dt class='gallery-icon landscape'>\n\t\t\t\t<a href='\/?attachment_id=2470'><img loading=\"lazy\" decoding=\"async\" width=\"150\" height=\"150\" src=\"\/wp-content\/uploads\/2018\/01\/21-Csernakereszt\u00far-150x150.jpg\" class=\"attachment-thumbnail size-thumbnail\" alt=\"\" \/><\/a>\n\t\t\t<\/dt><\/dl><dl class='gallery-item'>\n\t\t\t<dt class='gallery-icon landscape'>\n\t\t\t\t<a href='\/?attachment_id=2471'><img loading=\"lazy\" decoding=\"async\" width=\"150\" height=\"150\" src=\"\/wp-content\/uploads\/2018\/01\/22-Vajdahunyad-150x150.jpg\" class=\"attachment-thumbnail size-thumbnail\" alt=\"\" \/><\/a>\n\t\t\t<\/dt><\/dl><dl class='gallery-item'>\n\t\t\t<dt class='gallery-icon landscape'>\n\t\t\t\t<a href='\/?attachment_id=2472'><img loading=\"lazy\" decoding=\"async\" width=\"150\" height=\"150\" src=\"\/wp-content\/uploads\/2018\/01\/23-P\u00e1reng-libeg\u0151-150x150.jpg\" class=\"attachment-thumbnail size-thumbnail\" alt=\"\" \/><\/a>\n\t\t\t<\/dt><\/dl><dl class='gallery-item'>\n\t\t\t<dt class='gallery-icon landscape'>\n\t\t\t\t<a href='\/?attachment_id=2473'><img loading=\"lazy\" decoding=\"async\" width=\"150\" height=\"150\" src=\"\/wp-content\/uploads\/2018\/01\/24-P\u00e1reng-1-150x150.jpg\" class=\"attachment-thumbnail size-thumbnail\" alt=\"\" \/><\/a>\n\t\t\t<\/dt><\/dl><br style=\"clear: both\" \/><dl class='gallery-item'>\n\t\t\t<dt class='gallery-icon landscape'>\n\t\t\t\t<a href='\/?attachment_id=2474'><img loading=\"lazy\" decoding=\"async\" width=\"150\" height=\"150\" src=\"\/wp-content\/uploads\/2018\/01\/25-P\u00e1reng-2-150x150.jpg\" class=\"attachment-thumbnail size-thumbnail\" alt=\"\" \/><\/a>\n\t\t\t<\/dt><\/dl><dl class='gallery-item'>\n\t\t\t<dt class='gallery-icon landscape'>\n\t\t\t\t<a href='\/?attachment_id=2475'><img loading=\"lazy\" decoding=\"async\" width=\"150\" height=\"150\" src=\"\/wp-content\/uploads\/2018\/01\/26-P\u00e1reng-3-150x150.jpg\" class=\"attachment-thumbnail size-thumbnail\" alt=\"\" \/><\/a>\n\t\t\t<\/dt><\/dl><dl class='gallery-item'>\n\t\t\t<dt class='gallery-icon landscape'>\n\t\t\t\t<a href='\/?attachment_id=2476'><img loading=\"lazy\" decoding=\"async\" width=\"150\" height=\"150\" src=\"\/wp-content\/uploads\/2018\/01\/27-P\u00e1reng-4-150x150.jpg\" class=\"attachment-thumbnail size-thumbnail\" alt=\"\" \/><\/a>\n\t\t\t<\/dt><\/dl><dl class='gallery-item'>\n\t\t\t<dt class='gallery-icon landscape'>\n\t\t\t\t<a href='\/?attachment_id=2477'><img loading=\"lazy\" decoding=\"async\" width=\"150\" height=\"150\" src=\"\/wp-content\/uploads\/2018\/01\/28-V\u00e9ka-szurdok-150x150.jpg\" class=\"attachment-thumbnail size-thumbnail\" alt=\"\" \/><\/a>\n\t\t\t<\/dt><\/dl><br style=\"clear: both\" \/><dl class='gallery-item'>\n\t\t\t<dt class='gallery-icon landscape'>\n\t\t\t\t<a href='\/?attachment_id=2478'><img loading=\"lazy\" decoding=\"async\" width=\"150\" height=\"150\" src=\"\/wp-content\/uploads\/2018\/01\/29-Marosillye-1-150x150.jpg\" class=\"attachment-thumbnail size-thumbnail\" alt=\"\" \/><\/a>\n\t\t\t<\/dt><\/dl><dl class='gallery-item'>\n\t\t\t<dt class='gallery-icon landscape'>\n\t\t\t\t<a href='\/?attachment_id=2479'><img loading=\"lazy\" decoding=\"async\" width=\"150\" height=\"150\" src=\"\/wp-content\/uploads\/2018\/01\/30-Marosillye-2-150x150.jpg\" class=\"attachment-thumbnail size-thumbnail\" alt=\"\" \/><\/a>\n\t\t\t<\/dt><\/dl><dl class='gallery-item'>\n\t\t\t<dt class='gallery-icon landscape'>\n\t\t\t\t<a href='\/?attachment_id=2480'><img loading=\"lazy\" decoding=\"async\" width=\"150\" height=\"150\" src=\"\/wp-content\/uploads\/2018\/01\/31-Marosillye-3-150x150.jpg\" class=\"attachment-thumbnail size-thumbnail\" alt=\"\" \/><\/a>\n\t\t\t<\/dt><\/dl><dl class='gallery-item'>\n\t\t\t<dt class='gallery-icon landscape'>\n\t\t\t\t<a href='\/?attachment_id=2481'><img loading=\"lazy\" decoding=\"async\" width=\"150\" height=\"150\" src=\"\/wp-content\/uploads\/2018\/01\/32-Arad-koszor\u00faz\u00e1s-150x150.jpg\" class=\"attachment-thumbnail size-thumbnail\" alt=\"\" \/><\/a>\n\t\t\t<\/dt><\/dl><br style=\"clear: both\" \/>\n\t\t<\/div>\n\n<p><a href=\"https:\/\/www.facebook.com\/mindszentiskola\/videos\/1925805107636135\/\">Sz\u00e9tgurult gy\u00f6ngyszemek<\/a><\/p>\n<p><strong>Erd\u00e9lyben j\u00e1rtunk<\/strong><strong>\u00a0<\/strong><\/p>\n<p>,,Amikor kimondom ezt a sz\u00f3t, hogy ,,Erd\u00e9ly&#8221;, ebben benne van minden: a sz\u00edvem, a lelkem,\u00a0az agysejtjeim molekul\u00e1i, mindaz, ami voltam, vagyok \u00e9s leszek, tulip\u00e1nos b\u00f6lcs\u0151mt\u0151l a kopjaf\u00e1ig.\u00a0V\u00e9remben van. Minden \u00edr\u00e1sommal, minden besz\u00e9demmel, mindig \u00e9s minden\u00fctt Erd\u00e9ly\u00e9rt harcoltam.\u00a0Az\u00e9rt az Erd\u00e9ly\u00e9rt, melyr\u0151l tudom, hogy m\u00e1r nem lehet az eny\u00e9m soha, de m\u00e9g lehet azok\u00e9, akik\u00a0ott maradtak, szenvedtek \u00e9s h\u0171s\u00e9ggel kitartottak minden gy\u00f6tr\u00e9s, megpr\u00f3b\u00e1ltat\u00e1s ellen\u00e9re is.\u00a0Minden marad\u00e9k er\u0151mmel, igyekezetemmel az\u00e9rt k\u00fczd\u00f6k m\u00e9g ma is, hogy Erd\u00e9ly\u00a0 \u00fajra\u00a0 az legyen,\u00a0\u00a0ami volt: h\u00e1rom szabad n\u00e9p\u00a0 haz\u00e1ja, az Isten\u00a0\u00e9s \u00a0ember el\u0151tti egyenl\u0151s\u00e9g, a tisztess\u00e9g \u00e9s az\u00a0emberszeretet f\u00f6ldje.&#8221; \/Vass Albert\/<\/p>\n<p>&nbsp;<\/p>\n<p>\u201eSz\u00e9tgurult gy\u00f6ngyszemek\u201d c\u00edmmel p\u00e1ly\u00e1zott a Mindszenti \u00c1ltal\u00e1nos Iskola 7. \u00e9vfolyama egy \u00f6tnapos erd\u00e9lyi kir\u00e1ndul\u00e1sra a Hat\u00e1rtalanul p\u00e1ly\u00e1zat meghirdet\u00e9s\u00e9re.<\/p>\n<p>J\u00falius elej\u00e9n tudtuk meg az \u00f6r\u00f6mteli h\u00edrt, a p\u00e1ly\u00e1zat nyert. Mindenki izgatottan v\u00e1rta a szeptember 11.-\u00e9t, az indul\u00e1s napj\u00e1t. 44 hetedikes di\u00e1k (A, B, C oszt\u00e1lyokb\u00f3l) oszt\u00e1lyf\u0151n\u00f6keikkel \u00e9s egy k\u00eds\u00e9r\u0151 tan\u00e1rral vett r\u00e9szt a tanulm\u00e1nyi \u00faton. Szeptember 15-\u00e9n, p\u00e9nteken \u00e9rt\u00fcnk haza a tartalmas, \u00e9lm\u00e9nyekkel teli \u00fatr\u00f3l. Az eml\u00e9keket, tapasztalatokat fogalmaz\u00e1sokban \u00f6r\u00f6k\u00edtett\u00e9k meg a tanul\u00f3k. \u00cdr\u00e1saikb\u00f3l kider\u00fcl, az erd\u00e9lyi t\u00e1j var\u00e1zslatos sz\u00e9ps\u00e9ge, az ott \u00e9l\u0151 magyarok vend\u00e9gszeretete \u00e9s \u00f6nzetlens\u00e9ge, a kultur\u00e1lis \u00f6r\u00f6ks\u00e9gek megtekint\u00e9se m\u00e9ly nyomot hagyott benn\u00fck, lelk\u00fckbe fogadt\u00e1k, \u00e9let\u00fck szem\u00e9lyes, feledhetetlen \u00e9lm\u00e9ny\u00e9v\u00e9 v\u00e1lt.<\/p>\n<p><strong><u>R\u00e9szletek a fogalmaz\u00e1sokb\u00f3l:<\/u><\/strong><\/p>\n<p><u>H\u00e9tf\u0151:<\/u><br \/>\n<em>\u201e\u2026Utunk els\u0151 \u00e1llom\u00e1sa Nagyszalonta volt. Megtekinthett\u00fck egyik legnagyobb magyar k\u00f6lt\u0151nk, Arany J\u00e1nos sz\u00fcl\u0151h\u00e1z\u00e1t, feleleven\u00edtett\u00fck a k\u00f6lt\u0151r\u0151l sz\u00f3l\u00f3 irodalmi ismereteinket. Ezut\u00e1n megn\u00e9zt\u00fck a h\u00edres Csonka-tornyot, ahol humoros, de egy\u00fattal tanuls\u00e1gos rendhagy\u00f3 irodalom\u00f3r\u00e1n vett\u00fcnk r\u00e9szt. Nagyv\u00e1radra folytattuk utunkat, ahol a Szent L\u00e1szl\u00f3 Sz\u00e9kesegyh\u00e1zat j\u00e1rtuk be. Kolozsv\u00e1r a k\u00f6vetkez\u0151 \u00e1llom\u00e1s, ahol szinte \u00e9l\u0151v\u00e9 v\u00e1lt a t\u00f6rt\u00e9nelem. Este f\u00e1radtan meg\u00e9rkezt\u00fcnk Torock\u00f3ra, ahol k\u00e9t \u00e9jszak\u00e1t t\u00f6lt\u00f6tt\u00fcnk. Finom vacsor\u00e1val v\u00e1rtak minket a sz\u00e1ll\u00e1sad\u00f3k\u2026.\u201d<\/em><\/p>\n<p><u>Kedd:<\/u><\/p>\n<p><em>\u201e\u2026Tord\u00e1ra utaztunk, ahol megn\u00e9zt\u00fck a s\u00f3b\u00e1ny\u00e1t. Tiszta volt a leveg\u0151 \u00e9s az \u00f3ri\u00e1skereket is kipr\u00f3b\u00e1lhattuk. M\u00e9g ezen a napon d\u00e9lut\u00e1n egy izgalmas t\u00fara k\u00f6vetkezett. A Tordai-hasad\u00e9kban t\u00far\u00e1ztunk. Gy\u00f6ny\u00f6r\u0171 l\u00e1tv\u00e1nyt ny\u00fajtott a t\u00e1j. Este j\u00f3les\u0151 f\u00e1radts\u00e1ggal \u00e9rt\u00fcnk a sz\u00e1ll\u00e1sra\u2026.\u201d<\/em><\/p>\n<p><u>Szerda:<\/u><\/p>\n<p><em>\u201e\u2026Bebarangoltuk D\u00e9va v\u00e1r\u00e1t, a m\u00e1r olvasott D\u00e9va-legenda elevenedett meg el\u0151tt\u00fcnk. D\u00e9lut\u00e1n ell\u00e1togattunk az \u00e1rvah\u00e1zba, ahol sajnos nem tudtunk az ott \u00e9l\u0151 gyerekekkel tal\u00e1lkozni, mert \u00e9ppen tanul\u00e1si idej\u00fck volt. Az \u00e1rvah\u00e1z vezet\u0151je besz\u00e1molt az itt \u00e9l\u0151 gyerekek mindennapjair\u00f3l. \u00c1tadtuk a m\u00e1r el\u0151re elk\u00e9sz\u00edtett adom\u00e1nyainkat. Boldogok voltunk, hogy j\u00f3 helyre ker\u00fclnek ezek az aj\u00e1nd\u00e9kok. Szerda este egy m\u00e1sik sz\u00e1ll\u00e1shelyre ment\u00fcnk, Csernakereszt\u00farra. Nagy szeretettel \u00e9s hagyom\u00e1nyos, j\u00f3\u00edz\u0171 \u00e9telekkel v\u00e1rtak benn\u00fcnket. Csal\u00e1di h\u00e1zakba voltunk elsz\u00e1ll\u00e1solva. A vend\u00e9gfogad\u00f3k nagyon kedvesek, figyelmesek voltak vel\u00fcnk\u2026.\u201d<\/em><\/p>\n<p><u>Cs\u00fct\u00f6rt\u00f6k:<\/u><\/p>\n<p><em>\u201e\u2026Megtekintett\u00fck Vajdahunyadv\u00e1r\u00e1t, a helyi vend\u00e9gl\u00e1t\u00f3nk l\u00e1nya, Ren\u00e1ta \u00e9rdekesen mes\u00e9lt a v\u00e1rr\u00f3l, a t\u00f6rt\u00e9nelmi k\u00f3rr\u00f3l, s\u0151t, m\u00e9g aki j\u00f3l tudott v\u00e1laszolni a k\u00e9rd\u00e9sekre, csokit is kapott. P\u00e1ratlan \u00e9lm\u00e9ny volt a Paring-hegys\u00e9gbe a libeg\u0151z\u00e9s. A hegyre fel\u00e9rve egy rendhagy\u00f3 f\u00f6ldrajz\u00f3r\u00e1t tartott nek\u00fcnk Ren\u00e1ta. K\u00e9s\u0151bb megn\u00e9zt\u00fck a Boli-barlangot. A V\u00e9ka-szurdokban sajnos nem b\u00edrtuk v\u00e9gigmenni, mert m\u00e1r h\u0171s volt a patak vize, amelyben v\u00e9gig kellett volna haladnunk. Este focimeccset rendeztek a mindszenti \u00e9s csernakereszt\u00fari fi\u00fak\u2026.\u201d<\/em><\/p>\n<p><u>P\u00e9ntek:<\/u><\/p>\n<p><em>\u201e\u2026.A d\u00e9lel\u0151tt\u00f6t Bethlen G\u00e1bor sz\u00fcl\u0151h\u00e1z\u00e1ban t\u00f6lt\u00f6tt\u00fck. T\u00f6rt\u00e9nelmi tot\u00f3t oldottunk meg az elhangzottak alapj\u00e1n, meglepet\u00e9sk\u00e9nt meleg, frissen s\u00fct\u00f6tt p\u00e9ks\u00fctivel k\u00edn\u00e1ltak meg benn\u00fcnket. Utols\u00f3 \u00e1llom\u00e1sunk Arad volt ahol megkoszor\u00faztuk az aradi v\u00e9rtan\u00fak eml\u00e9khely\u00e9t. Minden helysz\u00ednen csoportk\u00e9p k\u00e9sz\u00fclt r\u00f3lunk. P\u00e9nteken kora este \u00e9rt\u00fcnk haza, ahol s\u00edrva \u00e9s nevetve fogadtak benn\u00fcnket a sz\u00fcleink, \u00e9s m\u00e1r otthon tarthattuk a magunk kis \u00e9lm\u00e9nybesz\u00e1mol\u00f3j\u00e1t\u2026.\u201d<\/em><\/p>\n<p>&nbsp;<\/p>\n<p>Tam\u00e1si \u00c1ron szavai \u00f6r\u00f6k\u00e9rv\u00e9ny\u0171ek az erd\u00e9lyi magyars\u00e1g \u00e9let\u00e9rz\u00e9s\u00e9r\u0151l:<\/p>\n<p><em>\u201eMi\u00e9nk a f\u00e9ny, amit lelk\u00fcnkbe fogadunk; s a f\u00f6ld, amelyen \u00e9l\u00fcnk \u00e9s meghalunk.\u201d<\/em><\/p>\n","protected":false},"excerpt":{"rendered":"<p>Sz\u00e9tgurult gy\u00f6ngyszemek Erd\u00e9lyben j\u00e1rtunk\u00a0 ,,Amikor kimondom ezt a sz\u00f3t, hogy ,,Erd\u00e9ly&#8221;, ebben benne van minden: a sz\u00edvem, a lelkem,\u00a0az agysejtjeim molekul\u00e1i, mindaz, ami voltam, vagyok \u00e9s leszek, tulip\u00e1nos b\u00f6lcs\u0151mt\u0151l a kopjaf\u00e1ig.\u00a0V\u00e9remben van. Minden \u00edr\u00e1sommal, minden besz\u00e9demmel, mindig \u00e9s minden\u00fctt Erd\u00e9ly\u00e9rt harcoltam.\u00a0Az\u00e9rt az Erd\u00e9ly\u00e9rt, melyr\u0151l tudom, hogy m\u00e1r nem lehet az [&hellip;]<\/p>\n","protected":false},"author":1,"featured_media":0,"parent":0,"menu_order":0,"comment_status":"closed","ping_status":"closed","template":"","meta":{"footnotes":""},"class_list":["post-2449","page","type-page","status-publish","hentry"],"_links":{"self":[{"href":"\/index.php?rest_route=\/wp\/v2\/pages\/2449","targetHints":{"allow":["GET"]}}],"collection":[{"href":"\/index.php?rest_route=\/wp\/v2\/pages"}],"about":[{"href":"\/index.php?rest_route=\/wp\/v2\/types\/page"}],"author":[{"embeddable":true,"href":"\/index.php?rest_route=\/wp\/v2\/users\/1"}],"replies":[{"embeddable":true,"href":"\/index.php?rest_route=%2Fwp%2Fv2%2Fcomments&post=2449"}],"version-history":[{"count":2,"href":"\/index.php?rest_route=\/wp\/v2\/pages\/2449\/revisions"}],"predecessor-version":[{"id":2638,"href":"\/index.php?rest_route=\/wp\/v2\/pages\/2449\/revisions\/2638"}],"wp:attachment":[{"href":"\/index.php?rest_route=%2Fwp%2Fv2%2Fmedia&parent=2449"}],"curies":[{"name":"wp","href":"https:\/\/api.w.org\/{rel}","templated":true}]}}