{"id":2409,"date":"2017-11-21T13:46:50","date_gmt":"2017-11-21T13:46:50","guid":{"rendered":"http:\/\/mindszentiskola.hu\/?page_id=2409"},"modified":"2017-11-21T13:46:50","modified_gmt":"2017-11-21T13:46:50","slug":"szent-erzsebet-roplabda-kupa","status":"publish","type":"page","link":"\/?page_id=2409","title":{"rendered":"Szent Erzs\u00e9bet R\u00f6plabda Kupa"},"content":{"rendered":"\n\t\t<style type=\"text\/css\">\n\t\t\t#gallery-1 {\n\t\t\t\tmargin: auto;\n\t\t\t}\n\t\t\t#gallery-1 .gallery-item {\n\t\t\t\tfloat: left;\n\t\t\t\tmargin-top: 10px;\n\t\t\t\ttext-align: center;\n\t\t\t\twidth: 33%;\n\t\t\t}\n\t\t\t#gallery-1 img {\n\t\t\t\tborder: 2px solid #cfcfcf;\n\t\t\t}\n\t\t\t#gallery-1 .gallery-caption {\n\t\t\t\tmargin-left: 0;\n\t\t\t}\n\t\t\t\/* see gallery_shortcode() in wp-includes\/media.php *\/\n\t\t<\/style>\n\t\t<div id='gallery-1' class='gallery galleryid-2409 gallery-columns-3 gallery-size-thumbnail'><dl class='gallery-item'>\n\t\t\t<dt class='gallery-icon landscape'>\n\t\t\t\t<a href='\/?attachment_id=2410'><img loading=\"lazy\" decoding=\"async\" width=\"150\" height=\"150\" src=\"\/wp-content\/uploads\/2017\/11\/1-150x150.jpg\" class=\"attachment-thumbnail size-thumbnail\" alt=\"\" \/><\/a>\n\t\t\t<\/dt><\/dl><dl class='gallery-item'>\n\t\t\t<dt class='gallery-icon landscape'>\n\t\t\t\t<a href='\/?attachment_id=2411'><img loading=\"lazy\" decoding=\"async\" width=\"150\" height=\"150\" src=\"\/wp-content\/uploads\/2017\/11\/2-150x150.jpg\" class=\"attachment-thumbnail size-thumbnail\" alt=\"\" \/><\/a>\n\t\t\t<\/dt><\/dl><dl class='gallery-item'>\n\t\t\t<dt class='gallery-icon landscape'>\n\t\t\t\t<a href='\/?attachment_id=2412'><img loading=\"lazy\" decoding=\"async\" width=\"150\" height=\"150\" src=\"\/wp-content\/uploads\/2017\/11\/3-150x150.jpg\" class=\"attachment-thumbnail size-thumbnail\" alt=\"\" \/><\/a>\n\t\t\t<\/dt><\/dl><br style=\"clear: both\" \/>\n\t\t<\/div>\n\n<p>Az els\u0151 k\u00e9pen \u00e1ll\u00f3 sor :Lantos L\u00e9na, Seb\u0151k -Pap Liliana, Jaksa Mirtill ,R\u00e1cz Sarolta, Szunyi \u00c1gnes.<br \/>\nguggolnak :T\u00f3th Enik\u0151 ,Kisp\u00e1l Lili ,Berta Nelli ,Bal\u00e1zs Zsanett.<\/p>\n<p>A k\u00f6z\u00e9ps\u0151 k\u00e9pen a IV. kcs-os l\u00e1nyok B csapata lelkes \u00e9s j\u00f3 j\u00e1t\u00e9kkal az 5.helyez\u00e9st \u00e9rt\u00e9k el.<\/p>\n<p>\u00c1ll\u00f3 sor:Rost\u00e1s Adrienn, Szab\u00f3 Szabrina,Moln\u00e1r Fanni ,Lantos Bettina,<\/p>\n<p>Guggolnak:Kar\u00e1csony Merc\u00e9desz, Pap Vikt\u00f3ria, Kar\u00e1csony Dzsenifer, Csuka Kamilla<\/p>\n<p>A harmadik k\u00e9pen a IV.kcs ez\u00fcst\u00e9rmes csapata.<\/p>\n<p>\u00c1llnak :Veres Vivien, Mih\u00e1ly Ter\u00e9zia, Menyh\u00e1rt Adrienn, Kolozsi Kitti<\/p>\n<p>Guggolnak:Csendes Nikolett, Miskilczi N\u00f3ra, Mih\u00e1ly Enik\u0151<\/p>\n<p>A csapatok nagyon j\u00f3 teljes\u00edtm\u00e9nyt ny\u00fajtottak .<\/p>\n<p>GRATUL\u00c1LOK!<\/p>\n<p>Ivanovn\u00e9 T\u00f3th \u00c1gnes<\/p>\n","protected":false},"excerpt":{"rendered":"<p>Az els\u0151 k\u00e9pen \u00e1ll\u00f3 sor :Lantos L\u00e9na, Seb\u0151k -Pap Liliana, Jaksa Mirtill ,R\u00e1cz Sarolta, Szunyi \u00c1gnes. guggolnak :T\u00f3th Enik\u0151 ,Kisp\u00e1l Lili ,Berta Nelli ,Bal\u00e1zs Zsanett. A k\u00f6z\u00e9ps\u0151 k\u00e9pen a IV. kcs-os l\u00e1nyok B csapata lelkes \u00e9s j\u00f3 j\u00e1t\u00e9kkal az 5.helyez\u00e9st \u00e9rt\u00e9k el. \u00c1ll\u00f3 sor:Rost\u00e1s Adrienn, Szab\u00f3 Szabrina,Moln\u00e1r Fanni ,Lantos Bettina, [&hellip;]<\/p>\n","protected":false},"author":1,"featured_media":0,"parent":0,"menu_order":0,"comment_status":"closed","ping_status":"closed","template":"","meta":{"footnotes":""},"class_list":["post-2409","page","type-page","status-publish","hentry"],"_links":{"self":[{"href":"\/index.php?rest_route=\/wp\/v2\/pages\/2409","targetHints":{"allow":["GET"]}}],"collection":[{"href":"\/index.php?rest_route=\/wp\/v2\/pages"}],"about":[{"href":"\/index.php?rest_route=\/wp\/v2\/types\/page"}],"author":[{"embeddable":true,"href":"\/index.php?rest_route=\/wp\/v2\/users\/1"}],"replies":[{"embeddable":true,"href":"\/index.php?rest_route=%2Fwp%2Fv2%2Fcomments&post=2409"}],"version-history":[{"count":1,"href":"\/index.php?rest_route=\/wp\/v2\/pages\/2409\/revisions"}],"predecessor-version":[{"id":2413,"href":"\/index.php?rest_route=\/wp\/v2\/pages\/2409\/revisions\/2413"}],"wp:attachment":[{"href":"\/index.php?rest_route=%2Fwp%2Fv2%2Fmedia&parent=2409"}],"curies":[{"name":"wp","href":"https:\/\/api.w.org\/{rel}","templated":true}]}}