{"id":2251,"date":"2017-10-28T19:50:10","date_gmt":"2017-10-28T19:50:10","guid":{"rendered":"http:\/\/mindszentiskola.hu\/?page_id=2251"},"modified":"2017-10-28T19:50:10","modified_gmt":"2017-10-28T19:50:10","slug":"tok-jo-csutortok","status":"publish","type":"page","link":"\/?page_id=2251","title":{"rendered":"T\u00f6k j\u00f3 cs\u00fct\u00f6rt\u00f6k"},"content":{"rendered":"<p>T\u00d6K FARAG\u00d3 D\u00c9LUT\u00c1N<\/p>\n<p>Iskol\u00e1nk Sz\u00e9khely\u00e9n 2017. okt\u00f3ber 26-\u00e1n, cs\u00fct\u00f6rt\u00f6k\u00f6n T\u00d6K J\u00d3 CS\u00dcT\u00d6RT\u00d6K d\u00e9lut\u00e1nt tartottunk.<\/p>\n<p>A Mih\u00e1ly Tam\u00e1s \u00e9s csal\u00e1dja \u00e1ltal biztos\u00edtott takarm\u00e1nyt\u00f6k\u00f6kb\u0151l a lelkes gyerekcsapat szebbn\u00e9l- szebb, r\u00e9miszt\u0151 t\u00f6kfejeket faragott.<\/p>\n<p>Lehetett k\u00e9sz\u00edteni Hallowen l\u00e1mp\u00e1sokat is.<\/p>\n<p>A d\u00e9lut\u00e1n z\u00e1r\u00e1sak\u00e9nt nagyon finom s\u00fclt t\u00f6k\u00f6t ehettek\u00a0 a r\u00e9sztvev\u0151k, amit az iparcikk boltos R\u00f3zsika n\u00e9ni \u00e9desanyja (B\u00f6zsike n\u00e9ni k\u00e9sz\u00edtett).<\/p>\n<p>A munk\u00e1inkat az iskola el\u0151tt \u00e1ll\u00edtottuk ki, ahol eg\u00e9sz \u00e9jjel \u0151rk\u00f6dtek.<\/p>\n\n\t\t<style type=\"text\/css\">\n\t\t\t#gallery-1 {\n\t\t\t\tmargin: auto;\n\t\t\t}\n\t\t\t#gallery-1 .gallery-item {\n\t\t\t\tfloat: left;\n\t\t\t\tmargin-top: 10px;\n\t\t\t\ttext-align: center;\n\t\t\t\twidth: 33%;\n\t\t\t}\n\t\t\t#gallery-1 img {\n\t\t\t\tborder: 2px solid #cfcfcf;\n\t\t\t}\n\t\t\t#gallery-1 .gallery-caption {\n\t\t\t\tmargin-left: 0;\n\t\t\t}\n\t\t\t\/* see gallery_shortcode() in wp-includes\/media.php *\/\n\t\t<\/style>\n\t\t<div id='gallery-1' class='gallery galleryid-2251 gallery-columns-3 gallery-size-thumbnail'><dl class='gallery-item'>\n\t\t\t<dt class='gallery-icon landscape'>\n\t\t\t\t<a href='\/?attachment_id=2252'><img loading=\"lazy\" decoding=\"async\" width=\"150\" height=\"150\" src=\"\/wp-content\/uploads\/2017\/10\/DSCF3411-150x150.jpg\" class=\"attachment-thumbnail size-thumbnail\" alt=\"\" \/><\/a>\n\t\t\t<\/dt><\/dl><dl class='gallery-item'>\n\t\t\t<dt class='gallery-icon landscape'>\n\t\t\t\t<a href='\/?attachment_id=2253'><img loading=\"lazy\" decoding=\"async\" width=\"150\" height=\"150\" src=\"\/wp-content\/uploads\/2017\/10\/DSCF3413-150x150.jpg\" class=\"attachment-thumbnail size-thumbnail\" alt=\"\" \/><\/a>\n\t\t\t<\/dt><\/dl><dl class='gallery-item'>\n\t\t\t<dt class='gallery-icon landscape'>\n\t\t\t\t<a href='\/?attachment_id=2254'><img loading=\"lazy\" decoding=\"async\" width=\"150\" height=\"150\" src=\"\/wp-content\/uploads\/2017\/10\/DSCF3414-150x150.jpg\" class=\"attachment-thumbnail size-thumbnail\" alt=\"\" \/><\/a>\n\t\t\t<\/dt><\/dl><br style=\"clear: both\" \/><dl class='gallery-item'>\n\t\t\t<dt class='gallery-icon landscape'>\n\t\t\t\t<a href='\/?attachment_id=2255'><img loading=\"lazy\" decoding=\"async\" width=\"150\" height=\"150\" src=\"\/wp-content\/uploads\/2017\/10\/DSCF3417-150x150.jpg\" class=\"attachment-thumbnail size-thumbnail\" alt=\"\" \/><\/a>\n\t\t\t<\/dt><\/dl><dl class='gallery-item'>\n\t\t\t<dt class='gallery-icon portrait'>\n\t\t\t\t<a href='\/?attachment_id=2256'><img loading=\"lazy\" decoding=\"async\" width=\"150\" height=\"150\" src=\"\/wp-content\/uploads\/2017\/10\/DSCF3422-150x150.jpg\" class=\"attachment-thumbnail size-thumbnail\" alt=\"\" \/><\/a>\n\t\t\t<\/dt><\/dl><dl class='gallery-item'>\n\t\t\t<dt class='gallery-icon landscape'>\n\t\t\t\t<a href='\/?attachment_id=2257'><img loading=\"lazy\" decoding=\"async\" width=\"150\" height=\"150\" src=\"\/wp-content\/uploads\/2017\/10\/DSCF3426-150x150.jpg\" class=\"attachment-thumbnail size-thumbnail\" alt=\"\" \/><\/a>\n\t\t\t<\/dt><\/dl><br style=\"clear: both\" \/><dl class='gallery-item'>\n\t\t\t<dt class='gallery-icon landscape'>\n\t\t\t\t<a href='\/?attachment_id=2258'><img loading=\"lazy\" decoding=\"async\" width=\"150\" height=\"150\" src=\"\/wp-content\/uploads\/2017\/10\/DSCF3430-150x150.jpg\" class=\"attachment-thumbnail size-thumbnail\" alt=\"\" \/><\/a>\n\t\t\t<\/dt><\/dl><dl class='gallery-item'>\n\t\t\t<dt class='gallery-icon landscape'>\n\t\t\t\t<a href='\/?attachment_id=2259'><img loading=\"lazy\" decoding=\"async\" width=\"150\" height=\"150\" src=\"\/wp-content\/uploads\/2017\/10\/DSCF3436-150x150.jpg\" class=\"attachment-thumbnail size-thumbnail\" alt=\"\" \/><\/a>\n\t\t\t<\/dt><\/dl><dl class='gallery-item'>\n\t\t\t<dt class='gallery-icon portrait'>\n\t\t\t\t<a href='\/?attachment_id=2260'><img loading=\"lazy\" decoding=\"async\" width=\"150\" height=\"150\" src=\"\/wp-content\/uploads\/2017\/10\/DSCF3440-150x150.jpg\" class=\"attachment-thumbnail size-thumbnail\" alt=\"\" \/><\/a>\n\t\t\t<\/dt><\/dl><br style=\"clear: both\" \/>\n\t\t<\/div>\n\n","protected":false},"excerpt":{"rendered":"<p>T\u00d6K FARAG\u00d3 D\u00c9LUT\u00c1N Iskol\u00e1nk Sz\u00e9khely\u00e9n 2017. okt\u00f3ber 26-\u00e1n, cs\u00fct\u00f6rt\u00f6k\u00f6n T\u00d6K J\u00d3 CS\u00dcT\u00d6RT\u00d6K d\u00e9lut\u00e1nt tartottunk. A Mih\u00e1ly Tam\u00e1s \u00e9s csal\u00e1dja \u00e1ltal biztos\u00edtott takarm\u00e1nyt\u00f6k\u00f6kb\u0151l a lelkes gyerekcsapat szebbn\u00e9l- szebb, r\u00e9miszt\u0151 t\u00f6kfejeket faragott. Lehetett k\u00e9sz\u00edteni Hallowen l\u00e1mp\u00e1sokat is. A d\u00e9lut\u00e1n z\u00e1r\u00e1sak\u00e9nt nagyon finom s\u00fclt t\u00f6k\u00f6t ehettek\u00a0 a r\u00e9sztvev\u0151k, amit az iparcikk boltos R\u00f3zsika [&hellip;]<\/p>\n","protected":false},"author":1,"featured_media":0,"parent":0,"menu_order":0,"comment_status":"closed","ping_status":"closed","template":"","meta":{"footnotes":""},"class_list":["post-2251","page","type-page","status-publish","hentry"],"_links":{"self":[{"href":"\/index.php?rest_route=\/wp\/v2\/pages\/2251","targetHints":{"allow":["GET"]}}],"collection":[{"href":"\/index.php?rest_route=\/wp\/v2\/pages"}],"about":[{"href":"\/index.php?rest_route=\/wp\/v2\/types\/page"}],"author":[{"embeddable":true,"href":"\/index.php?rest_route=\/wp\/v2\/users\/1"}],"replies":[{"embeddable":true,"href":"\/index.php?rest_route=%2Fwp%2Fv2%2Fcomments&post=2251"}],"version-history":[{"count":1,"href":"\/index.php?rest_route=\/wp\/v2\/pages\/2251\/revisions"}],"predecessor-version":[{"id":2261,"href":"\/index.php?rest_route=\/wp\/v2\/pages\/2251\/revisions\/2261"}],"wp:attachment":[{"href":"\/index.php?rest_route=%2Fwp%2Fv2%2Fmedia&parent=2251"}],"curies":[{"name":"wp","href":"https:\/\/api.w.org\/{rel}","templated":true}]}}