{"id":2,"date":"2013-08-15T11:51:59","date_gmt":"2013-08-15T11:51:59","guid":{"rendered":"http:\/\/mindszentiskola.hu\/?page_id=2"},"modified":"2026-02-09T08:57:22","modified_gmt":"2026-02-09T08:57:22","slug":"ez-egy-minta-oldal","status":"publish","type":"page","link":"\/?page_id=2","title":{"rendered":"Iskol\u00e1nkr\u00f3l"},"content":{"rendered":"<hr \/>\n<p>Iskol\u00e1nk t\u00f6rt\u00e9nete\u00a0<a href=\"\/?page_id=42\"><img loading=\"lazy\" decoding=\"async\" class=\"alignright wp-image-175 size-full\" src=\"\/wp-content\/uploads\/2013\/08\/gomb.png\" alt=\"gomb\" width=\"152\" height=\"27\" srcset=\"\/wp-content\/uploads\/2013\/08\/gomb.png 152w, \/wp-content\/uploads\/2013\/08\/gomb-150x27.png 150w\" sizes=\"auto, (max-width: 152px) 100vw, 152px\" \/><\/a><\/p>\n<hr \/>\n<p>Dolgoz\u00f3ink\u00a0<a href=\"\/?page_id=5759\"><img loading=\"lazy\" decoding=\"async\" class=\"alignright wp-image-175 size-full\" src=\"\/wp-content\/uploads\/2013\/08\/gomb.png\" alt=\"gomb\" width=\"152\" height=\"27\" srcset=\"\/wp-content\/uploads\/2013\/08\/gomb.png 152w, \/wp-content\/uploads\/2013\/08\/gomb-150x27.png 150w\" sizes=\"auto, (max-width: 152px) 100vw, 152px\" \/><\/a><\/p>\n<hr \/>\n\n","protected":false},"excerpt":{"rendered":"<p>Iskol\u00e1nk t\u00f6rt\u00e9nete\u00a0 Dolgoz\u00f3ink\u00a0<\/p>\n","protected":false},"author":1,"featured_media":0,"parent":0,"menu_order":0,"comment_status":"closed","ping_status":"closed","template":"","meta":{"footnotes":""},"class_list":["post-2","page","type-page","status-publish","hentry"],"_links":{"self":[{"href":"\/index.php?rest_route=\/wp\/v2\/pages\/2","targetHints":{"allow":["GET"]}}],"collection":[{"href":"\/index.php?rest_route=\/wp\/v2\/pages"}],"about":[{"href":"\/index.php?rest_route=\/wp\/v2\/types\/page"}],"author":[{"embeddable":true,"href":"\/index.php?rest_route=\/wp\/v2\/users\/1"}],"replies":[{"embeddable":true,"href":"\/index.php?rest_route=%2Fwp%2Fv2%2Fcomments&post=2"}],"version-history":[{"count":8,"href":"\/index.php?rest_route=\/wp\/v2\/pages\/2\/revisions"}],"predecessor-version":[{"id":6253,"href":"\/index.php?rest_route=\/wp\/v2\/pages\/2\/revisions\/6253"}],"wp:attachment":[{"href":"\/index.php?rest_route=%2Fwp%2Fv2%2Fmedia&parent=2"}],"curies":[{"name":"wp","href":"https:\/\/api.w.org\/{rel}","templated":true}]}}