{"id":1913,"date":"2017-04-25T12:48:05","date_gmt":"2017-04-25T12:48:05","guid":{"rendered":"http:\/\/vu2447.admin.webhold.hu\/?page_id=1913"},"modified":"2017-04-25T13:19:25","modified_gmt":"2017-04-25T13:19:25","slug":"tanuloink-munkai","status":"publish","type":"page","link":"\/?page_id=1913","title":{"rendered":"Tanul\u00f3ink munk\u00e1i"},"content":{"rendered":"<p><strong>5. oszt\u00e1ly<\/strong><\/p>\n\n\t\t<style type=\"text\/css\">\n\t\t\t#gallery-1 {\n\t\t\t\tmargin: auto;\n\t\t\t}\n\t\t\t#gallery-1 .gallery-item {\n\t\t\t\tfloat: left;\n\t\t\t\tmargin-top: 10px;\n\t\t\t\ttext-align: center;\n\t\t\t\twidth: 33%;\n\t\t\t}\n\t\t\t#gallery-1 img {\n\t\t\t\tborder: 2px solid #cfcfcf;\n\t\t\t}\n\t\t\t#gallery-1 .gallery-caption {\n\t\t\t\tmargin-left: 0;\n\t\t\t}\n\t\t\t\/* see gallery_shortcode() in wp-includes\/media.php *\/\n\t\t<\/style>\n\t\t<div id='gallery-1' class='gallery galleryid-1913 gallery-columns-3 gallery-size-thumbnail'><dl class='gallery-item'>\n\t\t\t<dt class='gallery-icon landscape'>\n\t\t\t\t<a href='\/?attachment_id=1914'><img loading=\"lazy\" decoding=\"async\" width=\"150\" height=\"150\" src=\"\/wp-content\/uploads\/2017\/04\/Hevesi-\u00c1rp\u00e1d1-150x150.png\" class=\"attachment-thumbnail size-thumbnail\" alt=\"\" \/><\/a>\n\t\t\t<\/dt><\/dl><dl class='gallery-item'>\n\t\t\t<dt class='gallery-icon landscape'>\n\t\t\t\t<a href='\/?attachment_id=1915'><img loading=\"lazy\" decoding=\"async\" width=\"150\" height=\"150\" src=\"\/wp-content\/uploads\/2017\/04\/Kar\u00e1csony-Krisztofer1-150x150.png\" class=\"attachment-thumbnail size-thumbnail\" alt=\"\" \/><\/a>\n\t\t\t<\/dt><\/dl><dl class='gallery-item'>\n\t\t\t<dt class='gallery-icon landscape'>\n\t\t\t\t<a href='\/?attachment_id=1916'><img loading=\"lazy\" decoding=\"async\" width=\"150\" height=\"150\" src=\"\/wp-content\/uploads\/2017\/04\/Kuklis-Ant\u00f3nia1-150x150.png\" class=\"attachment-thumbnail size-thumbnail\" alt=\"\" \/><\/a>\n\t\t\t<\/dt><\/dl><br style=\"clear: both\" \/><dl class='gallery-item'>\n\t\t\t<dt class='gallery-icon landscape'>\n\t\t\t\t<a href='\/?attachment_id=1917'><img loading=\"lazy\" decoding=\"async\" width=\"150\" height=\"150\" src=\"\/wp-content\/uploads\/2017\/04\/Moln\u00e1r-Tam\u00e1s-M\u00e1rk1-150x150.png\" class=\"attachment-thumbnail size-thumbnail\" alt=\"\" \/><\/a>\n\t\t\t<\/dt><\/dl><dl class='gallery-item'>\n\t\t\t<dt class='gallery-icon landscape'>\n\t\t\t\t<a href='\/?attachment_id=1918'><img loading=\"lazy\" decoding=\"async\" width=\"150\" height=\"150\" src=\"\/wp-content\/uploads\/2017\/04\/Ol\u00e1h-R\u00e9ka1-150x150.png\" class=\"attachment-thumbnail size-thumbnail\" alt=\"\" \/><\/a>\n\t\t\t<\/dt><\/dl><dl class='gallery-item'>\n\t\t\t<dt class='gallery-icon portrait'>\n\t\t\t\t<a href='\/?attachment_id=1919'><img loading=\"lazy\" decoding=\"async\" width=\"150\" height=\"150\" src=\"\/wp-content\/uploads\/2017\/04\/Sajben-Levente1-150x150.jpg\" class=\"attachment-thumbnail size-thumbnail\" alt=\"\" \/><\/a>\n\t\t\t<\/dt><\/dl><br style=\"clear: both\" \/><dl class='gallery-item'>\n\t\t\t<dt class='gallery-icon landscape'>\n\t\t\t\t<a href='\/?attachment_id=1920'><img loading=\"lazy\" decoding=\"async\" width=\"150\" height=\"150\" src=\"\/wp-content\/uploads\/2017\/04\/So\u00f3s-Lili1-150x150.png\" class=\"attachment-thumbnail size-thumbnail\" alt=\"\" \/><\/a>\n\t\t\t<\/dt><\/dl><dl class='gallery-item'>\n\t\t\t<dt class='gallery-icon landscape'>\n\t\t\t\t<a href='\/?attachment_id=1921'><img loading=\"lazy\" decoding=\"async\" width=\"150\" height=\"150\" src=\"\/wp-content\/uploads\/2017\/04\/T\u00f3th-Szonja-Husv\u00e9ti-k\u00e9p-Informatika-Verseny-20171-150x150.jpg\" class=\"attachment-thumbnail size-thumbnail\" alt=\"\" \/><\/a>\n\t\t\t<\/dt><\/dl>\n\t\t\t<br style='clear: both' \/>\n\t\t<\/div>\n\n<p><strong>6. oszt\u00e1ly<\/strong><\/p>\n<p><a href=\"\/wp-content\/uploads\/2017\/04\/Arany-Janos-Zs\u00f3t\u00e9r-Bettina1.pdf\">Arany Janos Zs\u00f3t\u00e9r Bettina<br \/>\n<\/a><a href=\"\/wp-content\/uploads\/2017\/04\/Galambosi-Helga1.pdf\">Galambosi Helga<\/a><br \/>\n<a href=\"\/wp-content\/uploads\/2017\/04\/Lupityka-Zs\u00f3fi1.pdf\">Lupityka Zs\u00f3fi<\/a><br \/>\n<a href=\"\/wp-content\/uploads\/2017\/04\/Vigh-P\u00e9ter2.png\"><img loading=\"lazy\" decoding=\"async\" class=\"alignnone size-medium wp-image-1925\" src=\"\/wp-content\/uploads\/2017\/04\/Vigh-P\u00e9ter2-185x300.png\" alt=\"Vigh P\u00e9ter\" width=\"185\" height=\"300\" srcset=\"\/wp-content\/uploads\/2017\/04\/Vigh-P\u00e9ter2-185x300.png 185w, \/wp-content\/uploads\/2017\/04\/Vigh-P\u00e9ter2-630x1024.png 630w\" sizes=\"auto, (max-width: 185px) 100vw, 185px\" \/><\/a><\/p>\n<p>7. oszt\u00e1ly<\/p>\n<p><a href=\"https:\/\/cloud.degoo.com\/drive-ti-azlkf3mci\">N\u00e9met Bence: Arany J\u00e1nos<\/a><\/p>\n<p><a href=\"https:\/\/cloud.degoo.com\/drive-ti-azlkf3mci\"><br \/>\n<\/a><a href=\"https:\/\/cloud.degoo.com\/drive-zseemq4sl5lt\">Borda Nikolett<\/a><\/p>\n<p><a href=\"https:\/\/cloud.degoo.com\/drive-louklu9rl2dm\"><br \/>\nMag Zolt\u00e1n<\/a><\/p>\n<p><a href=\"https:\/\/cloud.degoo.com\/drive-vw0dzi3fmvmb\">Mih\u00e1ly Ter\u00e9zia<\/a><\/p>\n<p><a href=\"https:\/\/cloud.degoo.com\/drive-nraoonqtny0-\">Muzsik N\u00f3ra<\/a><\/p>\n<p><strong>8. oszt\u00e1ly<\/strong><\/p>\n<p><a href=\"http:\/\/users.atw.hu\/alex2017\/\">Zs\u00f3t\u00e9r Alex<\/a><\/p>\n<p>&nbsp;<\/p>\n<p>&nbsp;<\/p>\n<p>&nbsp;<\/p>\n<p>&nbsp;<\/p>\n<p>&nbsp;<\/p>\n<p>&nbsp;<\/p>\n","protected":false},"excerpt":{"rendered":"<p>5. oszt\u00e1ly 6. oszt\u00e1ly Arany Janos Zs\u00f3t\u00e9r Bettina Galambosi Helga Lupityka Zs\u00f3fi 7. oszt\u00e1ly N\u00e9met Bence: Arany J\u00e1nos Borda Nikolett Mag Zolt\u00e1n Mih\u00e1ly Ter\u00e9zia Muzsik N\u00f3ra 8. oszt\u00e1ly Zs\u00f3t\u00e9r Alex &nbsp; &nbsp; &nbsp; &nbsp; &nbsp; &nbsp;<\/p>\n","protected":false},"author":1,"featured_media":0,"parent":0,"menu_order":0,"comment_status":"closed","ping_status":"closed","template":"","meta":{"footnotes":""},"class_list":["post-1913","page","type-page","status-publish","hentry"],"_links":{"self":[{"href":"\/index.php?rest_route=\/wp\/v2\/pages\/1913","targetHints":{"allow":["GET"]}}],"collection":[{"href":"\/index.php?rest_route=\/wp\/v2\/pages"}],"about":[{"href":"\/index.php?rest_route=\/wp\/v2\/types\/page"}],"author":[{"embeddable":true,"href":"\/index.php?rest_route=\/wp\/v2\/users\/1"}],"replies":[{"embeddable":true,"href":"\/index.php?rest_route=%2Fwp%2Fv2%2Fcomments&post=1913"}],"version-history":[{"count":12,"href":"\/index.php?rest_route=\/wp\/v2\/pages\/1913\/revisions"}],"predecessor-version":[{"id":1939,"href":"\/index.php?rest_route=\/wp\/v2\/pages\/1913\/revisions\/1939"}],"wp:attachment":[{"href":"\/index.php?rest_route=%2Fwp%2Fv2%2Fmedia&parent=1913"}],"curies":[{"name":"wp","href":"https:\/\/api.w.org\/{rel}","templated":true}]}}