{"id":1736,"date":"2016-12-13T13:12:47","date_gmt":"2016-12-13T13:12:47","guid":{"rendered":"http:\/\/vu2447.admin.webhold.hu\/?page_id=1736"},"modified":"2017-04-11T12:55:41","modified_gmt":"2017-04-11T12:55:41","slug":"sulilife-a-mindszenti-altalanos-iskola-diakjainak-kiadvanya","status":"publish","type":"page","link":"\/?page_id=1736","title":{"rendered":"Sulilife a Mindszenti \u00c1ltal\u00e1nos Iskola di\u00e1kjainak kiadv\u00e1nya"},"content":{"rendered":"<p><a href=\"\/wp-content\/uploads\/2016\/12\/Aranykereszt.html\">Keresztrejtv\u00e9ny Arany J\u00e1nosr\u00f3l<\/a><\/p>\n<p><a href=\"\/wp-content\/uploads\/2016\/12\/Keresztrejtv\u00e9ny1.html\">Keresztrejtv\u00e9ny m\u00e1rcius<\/a><\/p>\n<p><a href=\"https:\/\/issuu.com\/csernakne\/docs\/m__rcius_jeles_napjai_bence\">M\u00e1rcius<\/a><\/p>\n<p><a href=\"\/wp-content\/uploads\/2016\/12\/Keresztrejtv\u00e9ny.html\">Febru\u00e1ri keresztrejtv\u00e9ny<\/a><\/p>\n<p><a href=\"\/wp-content\/uploads\/2016\/12\/ADVENT.pdf\">December<\/a><\/p>\n<p><a href=\"http:\/\/issuu.com\/csernakne\/docs\/oktober1?workerAddress=ec2-54-210-248-74.compute-1.amazonaws.com\">November<\/a><\/p>\n","protected":false},"excerpt":{"rendered":"<p>Keresztrejtv\u00e9ny Arany J\u00e1nosr\u00f3l Keresztrejtv\u00e9ny m\u00e1rcius M\u00e1rcius Febru\u00e1ri keresztrejtv\u00e9ny December November<\/p>\n","protected":false},"author":1,"featured_media":0,"parent":0,"menu_order":0,"comment_status":"closed","ping_status":"closed","template":"","meta":{"footnotes":""},"class_list":["post-1736","page","type-page","status-publish","hentry"],"_links":{"self":[{"href":"\/index.php?rest_route=\/wp\/v2\/pages\/1736","targetHints":{"allow":["GET"]}}],"collection":[{"href":"\/index.php?rest_route=\/wp\/v2\/pages"}],"about":[{"href":"\/index.php?rest_route=\/wp\/v2\/types\/page"}],"author":[{"embeddable":true,"href":"\/index.php?rest_route=\/wp\/v2\/users\/1"}],"replies":[{"embeddable":true,"href":"\/index.php?rest_route=%2Fwp%2Fv2%2Fcomments&post=1736"}],"version-history":[{"count":14,"href":"\/index.php?rest_route=\/wp\/v2\/pages\/1736\/revisions"}],"predecessor-version":[{"id":1892,"href":"\/index.php?rest_route=\/wp\/v2\/pages\/1736\/revisions\/1892"}],"wp:attachment":[{"href":"\/index.php?rest_route=%2Fwp%2Fv2%2Fmedia&parent=1736"}],"curies":[{"name":"wp","href":"https:\/\/api.w.org\/{rel}","templated":true}]}}